{"id":13992,"date":"2020-07-13T11:40:34","date_gmt":"2020-07-13T14:40:34","guid":{"rendered":"http:\/\/dwinvap.com.ar\/equipos-y-componentes\/"},"modified":"2023-10-19T14:27:34","modified_gmt":"2023-10-19T17:27:34","slug":"equipos-y-componentes","status":"publish","type":"page","link":"https:\/\/www.invap.com.ar\/en\/divisions\/space\/equipment-and-components","title":{"rendered":"Equipment and components"},"content":{"rendered":"<p>From its origins, INVAP aerospace division has developed the main flight components, hardware, and software which form the satellites. With years of experience and over 150,000 hours of operation in orbit, the developed equipment has demonstrated to be highly reliable, readily available, and to perform successfully according to the most rigorous standards of production and testing.<\/p>\n","protected":false},"excerpt":{"rendered":"From its origins, INVAP aerospace division has developed the main flight components, hardware, and software which form the satellites. With years of experience and over 150,000 hours of operation in orbit, the developed equipment has demonstrated to be highly reliable, readily available, and to perform successfully according to the most rigorous standards of production and&#8230; <a class=\"view-article\" href=\"https:\/\/www.invap.com.ar\/en\/divisions\/space\/equipment-and-components\">View Article<\/a>","protected":false},"author":12,"featured_media":6824,"parent":14052,"menu_order":68,"comment_status":"closed","ping_status":"closed","template":"producto.php","meta":{"_acf_changed":false,"footnotes":""},"class_list":["post-13992","page","type-page","status-publish","has-post-thumbnail","hentry"],"acf":[],"yoast_head":"<!-- This site is optimized with the Yoast SEO plugin v27.2 - https:\/\/yoast.com\/product\/yoast-seo-wordpress\/ -->\n<title>Equipment and components | INVAP<\/title>\n<meta name=\"description\" content=\"INVAP celebra 50 a\u00f1os desarrollando tecnolog\u00eda argentina para el mundo. Conoc\u00e9 su historia, sus proyectos y el futuro de la innovaci\u00f3n. Imaginalo posible.\" \/>\n<meta name=\"robots\" content=\"index, follow, max-snippet:-1, max-image-preview:large, max-video-preview:-1\" \/>\n<link rel=\"canonical\" href=\"https:\/\/www.invap.com.ar\/en\/divisions\/space\/equipment-and-components\/\" \/>\n<meta property=\"og:locale\" content=\"en_US\" \/>\n<meta property=\"og:type\" content=\"article\" \/>\n<meta property=\"og:title\" content=\"Equipment and components | INVAP\" \/>\n<meta property=\"og:description\" content=\"INVAP celebra 50 a\u00f1os desarrollando tecnolog\u00eda argentina para el mundo. Conoc\u00e9 su historia, sus proyectos y el futuro de la innovaci\u00f3n. Imaginalo posible.\" \/>\n<meta property=\"og:url\" content=\"https:\/\/www.invap.com.ar\/en\/divisions\/space\/equipment-and-components\" \/>\n<meta property=\"og:site_name\" content=\"INVAP\" \/>\n<meta property=\"article:publisher\" content=\"https:\/\/www.facebook.com\/INVAP\" \/>\n<meta property=\"article:modified_time\" content=\"2023-10-19T17:27:34+00:00\" \/>\n<meta property=\"og:image\" content=\"https:\/\/www.invap.com.ar\/wp-content\/uploads\/2020\/07\/Detalle-cableado-SAC-D_INVAP.jpg\" \/>\n\t<meta property=\"og:image:width\" content=\"1380\" \/>\n\t<meta property=\"og:image:height\" content=\"1900\" \/>\n\t<meta property=\"og:image:type\" content=\"image\/jpeg\" \/>\n<meta name=\"twitter:card\" content=\"summary_large_image\" \/>\n<meta name=\"twitter:site\" content=\"@invapargentina\" \/>\n<meta name=\"twitter:label1\" content=\"Est. reading time\" \/>\n\t<meta name=\"twitter:data1\" content=\"1 minute\" \/>\n<script type=\"application\/ld+json\" class=\"yoast-schema-graph\">{\"@context\":\"https:\/\/schema.org\",\"@graph\":[{\"@type\":\"WebPage\",\"@id\":\"https:\/\/www.invap.com.ar\/en\/divisions\/space\/equipment-and-components\",\"url\":\"https:\/\/www.invap.com.ar\/en\/divisions\/space\/equipment-and-components\",\"name\":\"Equipment and components | INVAP\",\"isPartOf\":{\"@id\":\"https:\/\/www.invap.com.ar\/en\/#website\"},\"primaryImageOfPage\":{\"@id\":\"https:\/\/www.invap.com.ar\/en\/divisions\/space\/equipment-and-components#primaryimage\"},\"image\":{\"@id\":\"https:\/\/www.invap.com.ar\/en\/divisions\/space\/equipment-and-components#primaryimage\"},\"thumbnailUrl\":\"https:\/\/www.invap.com.ar\/wp-content\/uploads\/2020\/07\/Detalle-cableado-SAC-D_INVAP.jpg\",\"datePublished\":\"2020-07-13T14:40:34+00:00\",\"dateModified\":\"2023-10-19T17:27:34+00:00\",\"description\":\"INVAP celebra 50 a\u00f1os desarrollando tecnolog\u00eda argentina para el mundo. Conoc\u00e9 su historia, sus proyectos y el futuro de la innovaci\u00f3n. Imaginalo posible.\",\"breadcrumb\":{\"@id\":\"https:\/\/www.invap.com.ar\/en\/divisions\/space\/equipment-and-components#breadcrumb\"},\"inLanguage\":\"en-US\",\"potentialAction\":[{\"@type\":\"ReadAction\",\"target\":[\"https:\/\/www.invap.com.ar\/en\/divisions\/space\/equipment-and-components\"]}]},{\"@type\":\"ImageObject\",\"inLanguage\":\"en-US\",\"@id\":\"https:\/\/www.invap.com.ar\/en\/divisions\/space\/equipment-and-components#primaryimage\",\"url\":\"https:\/\/www.invap.com.ar\/wp-content\/uploads\/2020\/07\/Detalle-cableado-SAC-D_INVAP.jpg\",\"contentUrl\":\"https:\/\/www.invap.com.ar\/wp-content\/uploads\/2020\/07\/Detalle-cableado-SAC-D_INVAP.jpg\",\"width\":1380,\"height\":1900},{\"@type\":\"BreadcrumbList\",\"@id\":\"https:\/\/www.invap.com.ar\/en\/divisions\/space\/equipment-and-components#breadcrumb\",\"itemListElement\":[{\"@type\":\"ListItem\",\"position\":1,\"name\":\"Home\",\"item\":\"https:\/\/www.invap.com.ar\/en\/\"},{\"@type\":\"ListItem\",\"position\":2,\"name\":\"Divisions\",\"item\":\"https:\/\/www.invap.com.ar\/en\/divisions\/\"},{\"@type\":\"ListItem\",\"position\":3,\"name\":\"Space\",\"item\":\"https:\/\/www.invap.com.ar\/en\/space\/\"},{\"@type\":\"ListItem\",\"position\":4,\"name\":\"Equipment and components\"}]},{\"@type\":\"WebSite\",\"@id\":\"https:\/\/www.invap.com.ar\/en\/#website\",\"url\":\"https:\/\/www.invap.com.ar\/en\/\",\"name\":\"INVAP - Ciencia y tecnolog\u00eda argentina para el mundo\",\"description\":\"Science, engineering and technological innovation from Argentina to the world.\",\"publisher\":{\"@id\":\"https:\/\/www.invap.com.ar\/en\/#organization\"},\"alternateName\":\"INVAP\",\"potentialAction\":[{\"@type\":\"SearchAction\",\"target\":{\"@type\":\"EntryPoint\",\"urlTemplate\":\"https:\/\/www.invap.com.ar\/en\/?s={search_term_string}\"},\"query-input\":{\"@type\":\"PropertyValueSpecification\",\"valueRequired\":true,\"valueName\":\"search_term_string\"}}],\"inLanguage\":\"en-US\"},{\"@type\":\"Organization\",\"@id\":\"https:\/\/www.invap.com.ar\/en\/#organization\",\"name\":\"INVAP - Ciencia y tecnolog\u00eda argentina para el mundo\",\"alternateName\":\"INVAP\",\"url\":\"https:\/\/www.invap.com.ar\/en\/\",\"logo\":{\"@type\":\"ImageObject\",\"inLanguage\":\"en-US\",\"@id\":\"https:\/\/www.invap.com.ar\/en\/#\/schema\/logo\/image\/\",\"url\":\"https:\/\/www.invap.com.ar\/wp-content\/uploads\/2026\/03\/LOGO-INVAP-696-YOAST.png\",\"contentUrl\":\"https:\/\/www.invap.com.ar\/wp-content\/uploads\/2026\/03\/LOGO-INVAP-696-YOAST.png\",\"width\":696,\"height\":696,\"caption\":\"INVAP - Ciencia y tecnolog\u00eda argentina para el mundo\"},\"image\":{\"@id\":\"https:\/\/www.invap.com.ar\/en\/#\/schema\/logo\/image\/\"},\"sameAs\":[\"https:\/\/www.facebook.com\/INVAP\",\"https:\/\/x.com\/invapargentina\",\"https:\/\/www.linkedin.com\/company\/invap\",\"https:\/\/www.instagram.com\/invapargentina\",\"https:\/\/www.tiktok.com\/@invapargentina\",\"https:\/\/www.youtube.com\/user\/invapin\",\"https:\/\/es.wikipedia.org\/wiki\/INVAP\"]}]}<\/script>\n<!-- \/ Yoast SEO plugin. -->","yoast_head_json":{"title":"Equipment and components | INVAP","description":"INVAP celebra 50 a\u00f1os desarrollando tecnolog\u00eda argentina para el mundo. Conoc\u00e9 su historia, sus proyectos y el futuro de la innovaci\u00f3n. Imaginalo posible.","robots":{"index":"index","follow":"follow","max-snippet":"max-snippet:-1","max-image-preview":"max-image-preview:large","max-video-preview":"max-video-preview:-1"},"canonical":"https:\/\/www.invap.com.ar\/en\/divisions\/space\/equipment-and-components\/","og_locale":"en_US","og_type":"article","og_title":"Equipment and components | INVAP","og_description":"INVAP celebra 50 a\u00f1os desarrollando tecnolog\u00eda argentina para el mundo. Conoc\u00e9 su historia, sus proyectos y el futuro de la innovaci\u00f3n. Imaginalo posible.","og_url":"https:\/\/www.invap.com.ar\/en\/divisions\/space\/equipment-and-components","og_site_name":"INVAP","article_publisher":"https:\/\/www.facebook.com\/INVAP","article_modified_time":"2023-10-19T17:27:34+00:00","og_image":[{"width":1380,"height":1900,"url":"https:\/\/www.invap.com.ar\/wp-content\/uploads\/2020\/07\/Detalle-cableado-SAC-D_INVAP.jpg","type":"image\/jpeg"}],"twitter_card":"summary_large_image","twitter_site":"@invapargentina","twitter_misc":{"Est. reading time":"1 minute"},"schema":{"@context":"https:\/\/schema.org","@graph":[{"@type":"WebPage","@id":"https:\/\/www.invap.com.ar\/en\/divisions\/space\/equipment-and-components","url":"https:\/\/www.invap.com.ar\/en\/divisions\/space\/equipment-and-components","name":"Equipment and components | INVAP","isPartOf":{"@id":"https:\/\/www.invap.com.ar\/en\/#website"},"primaryImageOfPage":{"@id":"https:\/\/www.invap.com.ar\/en\/divisions\/space\/equipment-and-components#primaryimage"},"image":{"@id":"https:\/\/www.invap.com.ar\/en\/divisions\/space\/equipment-and-components#primaryimage"},"thumbnailUrl":"https:\/\/www.invap.com.ar\/wp-content\/uploads\/2020\/07\/Detalle-cableado-SAC-D_INVAP.jpg","datePublished":"2020-07-13T14:40:34+00:00","dateModified":"2023-10-19T17:27:34+00:00","description":"INVAP celebra 50 a\u00f1os desarrollando tecnolog\u00eda argentina para el mundo. Conoc\u00e9 su historia, sus proyectos y el futuro de la innovaci\u00f3n. Imaginalo posible.","breadcrumb":{"@id":"https:\/\/www.invap.com.ar\/en\/divisions\/space\/equipment-and-components#breadcrumb"},"inLanguage":"en-US","potentialAction":[{"@type":"ReadAction","target":["https:\/\/www.invap.com.ar\/en\/divisions\/space\/equipment-and-components"]}]},{"@type":"ImageObject","inLanguage":"en-US","@id":"https:\/\/www.invap.com.ar\/en\/divisions\/space\/equipment-and-components#primaryimage","url":"https:\/\/www.invap.com.ar\/wp-content\/uploads\/2020\/07\/Detalle-cableado-SAC-D_INVAP.jpg","contentUrl":"https:\/\/www.invap.com.ar\/wp-content\/uploads\/2020\/07\/Detalle-cableado-SAC-D_INVAP.jpg","width":1380,"height":1900},{"@type":"BreadcrumbList","@id":"https:\/\/www.invap.com.ar\/en\/divisions\/space\/equipment-and-components#breadcrumb","itemListElement":[{"@type":"ListItem","position":1,"name":"Home","item":"https:\/\/www.invap.com.ar\/en\/"},{"@type":"ListItem","position":2,"name":"Divisions","item":"https:\/\/www.invap.com.ar\/en\/divisions\/"},{"@type":"ListItem","position":3,"name":"Space","item":"https:\/\/www.invap.com.ar\/en\/space\/"},{"@type":"ListItem","position":4,"name":"Equipment and components"}]},{"@type":"WebSite","@id":"https:\/\/www.invap.com.ar\/en\/#website","url":"https:\/\/www.invap.com.ar\/en\/","name":"INVAP - Ciencia y tecnolog\u00eda argentina para el mundo","description":"Science, engineering and technological innovation from Argentina to the world.","publisher":{"@id":"https:\/\/www.invap.com.ar\/en\/#organization"},"alternateName":"INVAP","potentialAction":[{"@type":"SearchAction","target":{"@type":"EntryPoint","urlTemplate":"https:\/\/www.invap.com.ar\/en\/?s={search_term_string}"},"query-input":{"@type":"PropertyValueSpecification","valueRequired":true,"valueName":"search_term_string"}}],"inLanguage":"en-US"},{"@type":"Organization","@id":"https:\/\/www.invap.com.ar\/en\/#organization","name":"INVAP - Ciencia y tecnolog\u00eda argentina para el mundo","alternateName":"INVAP","url":"https:\/\/www.invap.com.ar\/en\/","logo":{"@type":"ImageObject","inLanguage":"en-US","@id":"https:\/\/www.invap.com.ar\/en\/#\/schema\/logo\/image\/","url":"https:\/\/www.invap.com.ar\/wp-content\/uploads\/2026\/03\/LOGO-INVAP-696-YOAST.png","contentUrl":"https:\/\/www.invap.com.ar\/wp-content\/uploads\/2026\/03\/LOGO-INVAP-696-YOAST.png","width":696,"height":696,"caption":"INVAP - Ciencia y tecnolog\u00eda argentina para el mundo"},"image":{"@id":"https:\/\/www.invap.com.ar\/en\/#\/schema\/logo\/image\/"},"sameAs":["https:\/\/www.facebook.com\/INVAP","https:\/\/x.com\/invapargentina","https:\/\/www.linkedin.com\/company\/invap","https:\/\/www.instagram.com\/invapargentina","https:\/\/www.tiktok.com\/@invapargentina","https:\/\/www.youtube.com\/user\/invapin","https:\/\/es.wikipedia.org\/wiki\/INVAP"]}]}},"_links":{"self":[{"href":"https:\/\/www.invap.com.ar\/en\/wp-json\/wp\/v2\/pages\/13992","targetHints":{"allow":["GET"]}}],"collection":[{"href":"https:\/\/www.invap.com.ar\/en\/wp-json\/wp\/v2\/pages"}],"about":[{"href":"https:\/\/www.invap.com.ar\/en\/wp-json\/wp\/v2\/types\/page"}],"author":[{"embeddable":true,"href":"https:\/\/www.invap.com.ar\/en\/wp-json\/wp\/v2\/users\/12"}],"replies":[{"embeddable":true,"href":"https:\/\/www.invap.com.ar\/en\/wp-json\/wp\/v2\/comments?post=13992"}],"version-history":[{"count":2,"href":"https:\/\/www.invap.com.ar\/en\/wp-json\/wp\/v2\/pages\/13992\/revisions"}],"predecessor-version":[{"id":13997,"href":"https:\/\/www.invap.com.ar\/en\/wp-json\/wp\/v2\/pages\/13992\/revisions\/13997"}],"up":[{"embeddable":true,"href":"https:\/\/www.invap.com.ar\/en\/wp-json\/wp\/v2\/pages\/14052"}],"wp:featuredmedia":[{"embeddable":true,"href":"https:\/\/www.invap.com.ar\/en\/wp-json\/wp\/v2\/media\/6824"}],"wp:attachment":[{"href":"https:\/\/www.invap.com.ar\/en\/wp-json\/wp\/v2\/media?parent=13992"}],"curies":[{"name":"wp","href":"https:\/\/api.w.org\/{rel}","templated":true}]}}