{"id":14249,"date":"2020-04-22T18:52:54","date_gmt":"2020-04-22T21:52:54","guid":{"rendered":"http:\/\/dwinvap.com.ar\/reactor-etrr-2-de-egipto\/"},"modified":"2021-03-31T17:30:11","modified_gmt":"2021-03-31T20:30:11","slug":"reactor-etrr-2-de-egipto","status":"publish","type":"page","link":"https:\/\/www.invap.com.ar\/en\/divisions\/nuclear\/etrr-2-reactor-in-egypt","title":{"rendered":"ETRR-2 Reactor in Egypt"},"content":{"rendered":"<p>The reactor has several irradiation channels, hot cells, and other equipment for research purposes as well as a bunker specially designed for experimental oncological treatment with Boron Neutron Capture Therapy (BNCT). It also includes a neutron radiography system for materials and components, and another similar system inside the tank for underwater analysis of highly activated samples. One of the hot cells, which is adjacent to the upper edge of the pool, has been designed for the handling of test equipment that is commonly used in materials science.<\/p>\n","protected":false},"excerpt":{"rendered":"The reactor has several irradiation channels, hot cells, and other equipment for research purposes as well as a bunker specially designed for experimental oncological treatment with Boron Neutron Capture Therapy (BNCT). It also includes a neutron radiography system for materials and components, and another similar system inside the tank for underwater analysis of highly activated&#8230; <a class=\"view-article\" href=\"https:\/\/www.invap.com.ar\/en\/divisions\/nuclear\/etrr-2-reactor-in-egypt\">View Article<\/a>","protected":false},"author":12,"featured_media":6616,"parent":14323,"menu_order":138,"comment_status":"closed","ping_status":"closed","template":"producto.php","meta":{"_acf_changed":false,"footnotes":""},"class_list":["post-14249","page","type-page","status-publish","has-post-thumbnail","hentry"],"acf":[],"yoast_head":"<!-- This site is optimized with the Yoast SEO plugin v27.2 - https:\/\/yoast.com\/product\/yoast-seo-wordpress\/ -->\n<title>ETRR-2 Reactor in Egypt | INVAP<\/title>\n<meta name=\"description\" content=\"INVAP celebra 50 a\u00f1os desarrollando tecnolog\u00eda argentina para el mundo. Conoc\u00e9 su historia, sus proyectos y el futuro de la innovaci\u00f3n. Imaginalo posible.\" \/>\n<meta name=\"robots\" content=\"index, follow, max-snippet:-1, max-image-preview:large, max-video-preview:-1\" \/>\n<link rel=\"canonical\" href=\"https:\/\/www.invap.com.ar\/en\/divisions\/nuclear\/etrr-2-reactor-in-egypt\/\" \/>\n<meta property=\"og:locale\" content=\"en_US\" \/>\n<meta property=\"og:type\" content=\"article\" \/>\n<meta property=\"og:title\" content=\"ETRR-2 Reactor in Egypt | INVAP\" \/>\n<meta property=\"og:description\" content=\"INVAP celebra 50 a\u00f1os desarrollando tecnolog\u00eda argentina para el mundo. Conoc\u00e9 su historia, sus proyectos y el futuro de la innovaci\u00f3n. Imaginalo posible.\" \/>\n<meta property=\"og:url\" content=\"https:\/\/www.invap.com.ar\/en\/divisions\/nuclear\/etrr-2-reactor-in-egypt\" \/>\n<meta property=\"og:site_name\" content=\"INVAP\" \/>\n<meta property=\"article:publisher\" content=\"https:\/\/www.facebook.com\/INVAP\" \/>\n<meta property=\"article:modified_time\" content=\"2021-03-31T20:30:11+00:00\" \/>\n<meta property=\"og:image\" content=\"https:\/\/www.invap.com.ar\/wp-content\/uploads\/2020\/04\/PORTADA-3-e1587592451463.jpg\" \/>\n\t<meta property=\"og:image:width\" content=\"792\" \/>\n\t<meta property=\"og:image:height\" content=\"449\" \/>\n\t<meta property=\"og:image:type\" content=\"image\/jpeg\" \/>\n<meta name=\"twitter:card\" content=\"summary_large_image\" \/>\n<meta name=\"twitter:site\" content=\"@invapargentina\" \/>\n<script type=\"application\/ld+json\" class=\"yoast-schema-graph\">{\"@context\":\"https:\/\/schema.org\",\"@graph\":[{\"@type\":\"WebPage\",\"@id\":\"https:\/\/www.invap.com.ar\/en\/divisions\/nuclear\/etrr-2-reactor-in-egypt\",\"url\":\"https:\/\/www.invap.com.ar\/en\/divisions\/nuclear\/etrr-2-reactor-in-egypt\",\"name\":\"ETRR-2 Reactor in Egypt | INVAP\",\"isPartOf\":{\"@id\":\"https:\/\/www.invap.com.ar\/en\/#website\"},\"primaryImageOfPage\":{\"@id\":\"https:\/\/www.invap.com.ar\/en\/divisions\/nuclear\/etrr-2-reactor-in-egypt#primaryimage\"},\"image\":{\"@id\":\"https:\/\/www.invap.com.ar\/en\/divisions\/nuclear\/etrr-2-reactor-in-egypt#primaryimage\"},\"thumbnailUrl\":\"https:\/\/www.invap.com.ar\/wp-content\/uploads\/2020\/04\/PORTADA-3-e1587592451463.jpg\",\"datePublished\":\"2020-04-22T21:52:54+00:00\",\"dateModified\":\"2021-03-31T20:30:11+00:00\",\"description\":\"INVAP celebra 50 a\u00f1os desarrollando tecnolog\u00eda argentina para el mundo. Conoc\u00e9 su historia, sus proyectos y el futuro de la innovaci\u00f3n. Imaginalo posible.\",\"breadcrumb\":{\"@id\":\"https:\/\/www.invap.com.ar\/en\/divisions\/nuclear\/etrr-2-reactor-in-egypt#breadcrumb\"},\"inLanguage\":\"en-US\",\"potentialAction\":[{\"@type\":\"ReadAction\",\"target\":[\"https:\/\/www.invap.com.ar\/en\/divisions\/nuclear\/etrr-2-reactor-in-egypt\"]}]},{\"@type\":\"ImageObject\",\"inLanguage\":\"en-US\",\"@id\":\"https:\/\/www.invap.com.ar\/en\/divisions\/nuclear\/etrr-2-reactor-in-egypt#primaryimage\",\"url\":\"https:\/\/www.invap.com.ar\/wp-content\/uploads\/2020\/04\/PORTADA-3-e1587592451463.jpg\",\"contentUrl\":\"https:\/\/www.invap.com.ar\/wp-content\/uploads\/2020\/04\/PORTADA-3-e1587592451463.jpg\",\"width\":792,\"height\":449},{\"@type\":\"BreadcrumbList\",\"@id\":\"https:\/\/www.invap.com.ar\/en\/divisions\/nuclear\/etrr-2-reactor-in-egypt#breadcrumb\",\"itemListElement\":[{\"@type\":\"ListItem\",\"position\":1,\"name\":\"Home\",\"item\":\"https:\/\/www.invap.com.ar\/en\/\"},{\"@type\":\"ListItem\",\"position\":2,\"name\":\"Divisions\",\"item\":\"https:\/\/www.invap.com.ar\/en\/divisions\/\"},{\"@type\":\"ListItem\",\"position\":3,\"name\":\"Nuclear\",\"item\":\"https:\/\/www.invap.com.ar\/en\/divisions\/nuclear\/\"},{\"@type\":\"ListItem\",\"position\":4,\"name\":\"ETRR-2 Reactor in Egypt\"}]},{\"@type\":\"WebSite\",\"@id\":\"https:\/\/www.invap.com.ar\/en\/#website\",\"url\":\"https:\/\/www.invap.com.ar\/en\/\",\"name\":\"INVAP - Ciencia y tecnolog\u00eda argentina para el mundo\",\"description\":\"Science, engineering and technological innovation from Argentina to the world.\",\"publisher\":{\"@id\":\"https:\/\/www.invap.com.ar\/en\/#organization\"},\"alternateName\":\"INVAP\",\"potentialAction\":[{\"@type\":\"SearchAction\",\"target\":{\"@type\":\"EntryPoint\",\"urlTemplate\":\"https:\/\/www.invap.com.ar\/en\/?s={search_term_string}\"},\"query-input\":{\"@type\":\"PropertyValueSpecification\",\"valueRequired\":true,\"valueName\":\"search_term_string\"}}],\"inLanguage\":\"en-US\"},{\"@type\":\"Organization\",\"@id\":\"https:\/\/www.invap.com.ar\/en\/#organization\",\"name\":\"INVAP - Ciencia y tecnolog\u00eda argentina para el mundo\",\"alternateName\":\"INVAP\",\"url\":\"https:\/\/www.invap.com.ar\/en\/\",\"logo\":{\"@type\":\"ImageObject\",\"inLanguage\":\"en-US\",\"@id\":\"https:\/\/www.invap.com.ar\/en\/#\/schema\/logo\/image\/\",\"url\":\"https:\/\/www.invap.com.ar\/wp-content\/uploads\/2026\/03\/LOGO-INVAP-696-YOAST.png\",\"contentUrl\":\"https:\/\/www.invap.com.ar\/wp-content\/uploads\/2026\/03\/LOGO-INVAP-696-YOAST.png\",\"width\":696,\"height\":696,\"caption\":\"INVAP - Ciencia y tecnolog\u00eda argentina para el mundo\"},\"image\":{\"@id\":\"https:\/\/www.invap.com.ar\/en\/#\/schema\/logo\/image\/\"},\"sameAs\":[\"https:\/\/www.facebook.com\/INVAP\",\"https:\/\/x.com\/invapargentina\",\"https:\/\/www.linkedin.com\/company\/invap\",\"https:\/\/www.instagram.com\/invapargentina\",\"https:\/\/www.tiktok.com\/@invapargentina\",\"https:\/\/www.youtube.com\/user\/invapin\",\"https:\/\/es.wikipedia.org\/wiki\/INVAP\"]}]}<\/script>\n<!-- \/ Yoast SEO plugin. -->","yoast_head_json":{"title":"ETRR-2 Reactor in Egypt | INVAP","description":"INVAP celebra 50 a\u00f1os desarrollando tecnolog\u00eda argentina para el mundo. Conoc\u00e9 su historia, sus proyectos y el futuro de la innovaci\u00f3n. Imaginalo posible.","robots":{"index":"index","follow":"follow","max-snippet":"max-snippet:-1","max-image-preview":"max-image-preview:large","max-video-preview":"max-video-preview:-1"},"canonical":"https:\/\/www.invap.com.ar\/en\/divisions\/nuclear\/etrr-2-reactor-in-egypt\/","og_locale":"en_US","og_type":"article","og_title":"ETRR-2 Reactor in Egypt | INVAP","og_description":"INVAP celebra 50 a\u00f1os desarrollando tecnolog\u00eda argentina para el mundo. Conoc\u00e9 su historia, sus proyectos y el futuro de la innovaci\u00f3n. Imaginalo posible.","og_url":"https:\/\/www.invap.com.ar\/en\/divisions\/nuclear\/etrr-2-reactor-in-egypt","og_site_name":"INVAP","article_publisher":"https:\/\/www.facebook.com\/INVAP","article_modified_time":"2021-03-31T20:30:11+00:00","og_image":[{"width":792,"height":449,"url":"https:\/\/www.invap.com.ar\/wp-content\/uploads\/2020\/04\/PORTADA-3-e1587592451463.jpg","type":"image\/jpeg"}],"twitter_card":"summary_large_image","twitter_site":"@invapargentina","schema":{"@context":"https:\/\/schema.org","@graph":[{"@type":"WebPage","@id":"https:\/\/www.invap.com.ar\/en\/divisions\/nuclear\/etrr-2-reactor-in-egypt","url":"https:\/\/www.invap.com.ar\/en\/divisions\/nuclear\/etrr-2-reactor-in-egypt","name":"ETRR-2 Reactor in Egypt | INVAP","isPartOf":{"@id":"https:\/\/www.invap.com.ar\/en\/#website"},"primaryImageOfPage":{"@id":"https:\/\/www.invap.com.ar\/en\/divisions\/nuclear\/etrr-2-reactor-in-egypt#primaryimage"},"image":{"@id":"https:\/\/www.invap.com.ar\/en\/divisions\/nuclear\/etrr-2-reactor-in-egypt#primaryimage"},"thumbnailUrl":"https:\/\/www.invap.com.ar\/wp-content\/uploads\/2020\/04\/PORTADA-3-e1587592451463.jpg","datePublished":"2020-04-22T21:52:54+00:00","dateModified":"2021-03-31T20:30:11+00:00","description":"INVAP celebra 50 a\u00f1os desarrollando tecnolog\u00eda argentina para el mundo. Conoc\u00e9 su historia, sus proyectos y el futuro de la innovaci\u00f3n. Imaginalo posible.","breadcrumb":{"@id":"https:\/\/www.invap.com.ar\/en\/divisions\/nuclear\/etrr-2-reactor-in-egypt#breadcrumb"},"inLanguage":"en-US","potentialAction":[{"@type":"ReadAction","target":["https:\/\/www.invap.com.ar\/en\/divisions\/nuclear\/etrr-2-reactor-in-egypt"]}]},{"@type":"ImageObject","inLanguage":"en-US","@id":"https:\/\/www.invap.com.ar\/en\/divisions\/nuclear\/etrr-2-reactor-in-egypt#primaryimage","url":"https:\/\/www.invap.com.ar\/wp-content\/uploads\/2020\/04\/PORTADA-3-e1587592451463.jpg","contentUrl":"https:\/\/www.invap.com.ar\/wp-content\/uploads\/2020\/04\/PORTADA-3-e1587592451463.jpg","width":792,"height":449},{"@type":"BreadcrumbList","@id":"https:\/\/www.invap.com.ar\/en\/divisions\/nuclear\/etrr-2-reactor-in-egypt#breadcrumb","itemListElement":[{"@type":"ListItem","position":1,"name":"Home","item":"https:\/\/www.invap.com.ar\/en\/"},{"@type":"ListItem","position":2,"name":"Divisions","item":"https:\/\/www.invap.com.ar\/en\/divisions\/"},{"@type":"ListItem","position":3,"name":"Nuclear","item":"https:\/\/www.invap.com.ar\/en\/divisions\/nuclear\/"},{"@type":"ListItem","position":4,"name":"ETRR-2 Reactor in Egypt"}]},{"@type":"WebSite","@id":"https:\/\/www.invap.com.ar\/en\/#website","url":"https:\/\/www.invap.com.ar\/en\/","name":"INVAP - Ciencia y tecnolog\u00eda argentina para el mundo","description":"Science, engineering and technological innovation from Argentina to the world.","publisher":{"@id":"https:\/\/www.invap.com.ar\/en\/#organization"},"alternateName":"INVAP","potentialAction":[{"@type":"SearchAction","target":{"@type":"EntryPoint","urlTemplate":"https:\/\/www.invap.com.ar\/en\/?s={search_term_string}"},"query-input":{"@type":"PropertyValueSpecification","valueRequired":true,"valueName":"search_term_string"}}],"inLanguage":"en-US"},{"@type":"Organization","@id":"https:\/\/www.invap.com.ar\/en\/#organization","name":"INVAP - Ciencia y tecnolog\u00eda argentina para el mundo","alternateName":"INVAP","url":"https:\/\/www.invap.com.ar\/en\/","logo":{"@type":"ImageObject","inLanguage":"en-US","@id":"https:\/\/www.invap.com.ar\/en\/#\/schema\/logo\/image\/","url":"https:\/\/www.invap.com.ar\/wp-content\/uploads\/2026\/03\/LOGO-INVAP-696-YOAST.png","contentUrl":"https:\/\/www.invap.com.ar\/wp-content\/uploads\/2026\/03\/LOGO-INVAP-696-YOAST.png","width":696,"height":696,"caption":"INVAP - Ciencia y tecnolog\u00eda argentina para el mundo"},"image":{"@id":"https:\/\/www.invap.com.ar\/en\/#\/schema\/logo\/image\/"},"sameAs":["https:\/\/www.facebook.com\/INVAP","https:\/\/x.com\/invapargentina","https:\/\/www.linkedin.com\/company\/invap","https:\/\/www.instagram.com\/invapargentina","https:\/\/www.tiktok.com\/@invapargentina","https:\/\/www.youtube.com\/user\/invapin","https:\/\/es.wikipedia.org\/wiki\/INVAP"]}]}},"_links":{"self":[{"href":"https:\/\/www.invap.com.ar\/en\/wp-json\/wp\/v2\/pages\/14249","targetHints":{"allow":["GET"]}}],"collection":[{"href":"https:\/\/www.invap.com.ar\/en\/wp-json\/wp\/v2\/pages"}],"about":[{"href":"https:\/\/www.invap.com.ar\/en\/wp-json\/wp\/v2\/types\/page"}],"author":[{"embeddable":true,"href":"https:\/\/www.invap.com.ar\/en\/wp-json\/wp\/v2\/users\/12"}],"replies":[{"embeddable":true,"href":"https:\/\/www.invap.com.ar\/en\/wp-json\/wp\/v2\/comments?post=14249"}],"version-history":[{"count":3,"href":"https:\/\/www.invap.com.ar\/en\/wp-json\/wp\/v2\/pages\/14249\/revisions"}],"predecessor-version":[{"id":16051,"href":"https:\/\/www.invap.com.ar\/en\/wp-json\/wp\/v2\/pages\/14249\/revisions\/16051"}],"up":[{"embeddable":true,"href":"https:\/\/www.invap.com.ar\/en\/wp-json\/wp\/v2\/pages\/14323"}],"wp:featuredmedia":[{"embeddable":true,"href":"https:\/\/www.invap.com.ar\/en\/wp-json\/wp\/v2\/media\/6616"}],"wp:attachment":[{"href":"https:\/\/www.invap.com.ar\/en\/wp-json\/wp\/v2\/media?parent=14249"}],"curies":[{"name":"wp","href":"https:\/\/api.w.org\/{rel}","templated":true}]}}