{"id":14255,"date":"2020-04-22T18:58:44","date_gmt":"2020-04-22T21:58:44","guid":{"rendered":"http:\/\/dwinvap.com.ar\/reactor-opal-de-australia\/"},"modified":"2021-03-31T17:31:49","modified_gmt":"2021-03-31T20:31:49","slug":"reactor-opal-de-australia","status":"publish","type":"page","link":"https:\/\/www.invap.com.ar\/en\/divisions\/nuclear\/opal-in-australia","title":{"rendered":"OPAL in Australia"},"content":{"rendered":"<p>It is one of the most complex and reliable research reactors in the world that not only supplies radioisotopes to the Australian market (and to other countries) but also provides silicon irradiation services to the high technology microelectronic industry around the world.<\/p>\n<p>In the academic field, the OPAL reactor is Australia\u2019s major center for research in materials science and also serves as an educational and training facility for several engineering and scientific fields that use neutron beams as a source of knowledge.<\/p>\n<p>The building that hosts the OPAL reactor is an earthquake-resistant structure that is also capable of bearing the impact of small aircrafts.<\/p>\n","protected":false},"excerpt":{"rendered":"It is one of the most complex and reliable research reactors in the world that not only supplies radioisotopes to the Australian market (and to other countries) but also provides silicon irradiation services to the high technology microelectronic industry around the world. In the academic field, the OPAL reactor is Australia\u2019s major center for research&#8230; <a class=\"view-article\" href=\"https:\/\/www.invap.com.ar\/en\/divisions\/nuclear\/opal-in-australia\">View Article<\/a>","protected":false},"author":12,"featured_media":6620,"parent":14323,"menu_order":149,"comment_status":"closed","ping_status":"closed","template":"producto.php","meta":{"_acf_changed":false,"footnotes":""},"class_list":["post-14255","page","type-page","status-publish","has-post-thumbnail","hentry"],"acf":[],"yoast_head":"<!-- This site is optimized with the Yoast SEO plugin v27.2 - https:\/\/yoast.com\/product\/yoast-seo-wordpress\/ -->\n<title>OPAL in Australia | INVAP<\/title>\n<meta name=\"description\" content=\"INVAP celebra 50 a\u00f1os desarrollando tecnolog\u00eda argentina para el mundo. Conoc\u00e9 su historia, sus proyectos y el futuro de la innovaci\u00f3n. Imaginalo posible.\" \/>\n<meta name=\"robots\" content=\"index, follow, max-snippet:-1, max-image-preview:large, max-video-preview:-1\" \/>\n<link rel=\"canonical\" href=\"https:\/\/www.invap.com.ar\/en\/divisions\/nuclear\/opal-in-australia\/\" \/>\n<meta property=\"og:locale\" content=\"en_US\" \/>\n<meta property=\"og:type\" content=\"article\" \/>\n<meta property=\"og:title\" content=\"OPAL in Australia | INVAP\" \/>\n<meta property=\"og:description\" content=\"INVAP celebra 50 a\u00f1os desarrollando tecnolog\u00eda argentina para el mundo. Conoc\u00e9 su historia, sus proyectos y el futuro de la innovaci\u00f3n. Imaginalo posible.\" \/>\n<meta property=\"og:url\" content=\"https:\/\/www.invap.com.ar\/en\/divisions\/nuclear\/opal-in-australia\" \/>\n<meta property=\"og:site_name\" content=\"INVAP\" \/>\n<meta property=\"article:publisher\" content=\"https:\/\/www.facebook.com\/INVAP\" \/>\n<meta property=\"article:modified_time\" content=\"2021-03-31T20:31:49+00:00\" \/>\n<meta property=\"og:image\" content=\"https:\/\/www.invap.com.ar\/wp-content\/uploads\/2020\/04\/PORTADA-4.jpg\" \/>\n\t<meta property=\"og:image:width\" content=\"1900\" \/>\n\t<meta property=\"og:image:height\" content=\"903\" \/>\n\t<meta property=\"og:image:type\" content=\"image\/jpeg\" \/>\n<meta name=\"twitter:card\" content=\"summary_large_image\" \/>\n<meta name=\"twitter:site\" content=\"@invapargentina\" \/>\n<meta name=\"twitter:label1\" content=\"Est. reading time\" \/>\n\t<meta name=\"twitter:data1\" content=\"1 minute\" \/>\n<script type=\"application\/ld+json\" class=\"yoast-schema-graph\">{\"@context\":\"https:\/\/schema.org\",\"@graph\":[{\"@type\":\"WebPage\",\"@id\":\"https:\/\/www.invap.com.ar\/en\/divisions\/nuclear\/opal-in-australia\",\"url\":\"https:\/\/www.invap.com.ar\/en\/divisions\/nuclear\/opal-in-australia\",\"name\":\"OPAL in Australia | INVAP\",\"isPartOf\":{\"@id\":\"https:\/\/www.invap.com.ar\/en\/#website\"},\"primaryImageOfPage\":{\"@id\":\"https:\/\/www.invap.com.ar\/en\/divisions\/nuclear\/opal-in-australia#primaryimage\"},\"image\":{\"@id\":\"https:\/\/www.invap.com.ar\/en\/divisions\/nuclear\/opal-in-australia#primaryimage\"},\"thumbnailUrl\":\"https:\/\/www.invap.com.ar\/wp-content\/uploads\/2020\/04\/PORTADA-4.jpg\",\"datePublished\":\"2020-04-22T21:58:44+00:00\",\"dateModified\":\"2021-03-31T20:31:49+00:00\",\"description\":\"INVAP celebra 50 a\u00f1os desarrollando tecnolog\u00eda argentina para el mundo. Conoc\u00e9 su historia, sus proyectos y el futuro de la innovaci\u00f3n. Imaginalo posible.\",\"breadcrumb\":{\"@id\":\"https:\/\/www.invap.com.ar\/en\/divisions\/nuclear\/opal-in-australia#breadcrumb\"},\"inLanguage\":\"en-US\",\"potentialAction\":[{\"@type\":\"ReadAction\",\"target\":[\"https:\/\/www.invap.com.ar\/en\/divisions\/nuclear\/opal-in-australia\"]}]},{\"@type\":\"ImageObject\",\"inLanguage\":\"en-US\",\"@id\":\"https:\/\/www.invap.com.ar\/en\/divisions\/nuclear\/opal-in-australia#primaryimage\",\"url\":\"https:\/\/www.invap.com.ar\/wp-content\/uploads\/2020\/04\/PORTADA-4.jpg\",\"contentUrl\":\"https:\/\/www.invap.com.ar\/wp-content\/uploads\/2020\/04\/PORTADA-4.jpg\",\"width\":1900,\"height\":903},{\"@type\":\"BreadcrumbList\",\"@id\":\"https:\/\/www.invap.com.ar\/en\/divisions\/nuclear\/opal-in-australia#breadcrumb\",\"itemListElement\":[{\"@type\":\"ListItem\",\"position\":1,\"name\":\"Home\",\"item\":\"https:\/\/www.invap.com.ar\/en\/\"},{\"@type\":\"ListItem\",\"position\":2,\"name\":\"Divisions\",\"item\":\"https:\/\/www.invap.com.ar\/en\/divisions\/\"},{\"@type\":\"ListItem\",\"position\":3,\"name\":\"Nuclear\",\"item\":\"https:\/\/www.invap.com.ar\/en\/divisions\/nuclear\/\"},{\"@type\":\"ListItem\",\"position\":4,\"name\":\"OPAL in Australia\"}]},{\"@type\":\"WebSite\",\"@id\":\"https:\/\/www.invap.com.ar\/en\/#website\",\"url\":\"https:\/\/www.invap.com.ar\/en\/\",\"name\":\"INVAP - Ciencia y tecnolog\u00eda argentina para el mundo\",\"description\":\"Science, engineering and technological innovation from Argentina to the world.\",\"publisher\":{\"@id\":\"https:\/\/www.invap.com.ar\/en\/#organization\"},\"alternateName\":\"INVAP\",\"potentialAction\":[{\"@type\":\"SearchAction\",\"target\":{\"@type\":\"EntryPoint\",\"urlTemplate\":\"https:\/\/www.invap.com.ar\/en\/?s={search_term_string}\"},\"query-input\":{\"@type\":\"PropertyValueSpecification\",\"valueRequired\":true,\"valueName\":\"search_term_string\"}}],\"inLanguage\":\"en-US\"},{\"@type\":\"Organization\",\"@id\":\"https:\/\/www.invap.com.ar\/en\/#organization\",\"name\":\"INVAP - Ciencia y tecnolog\u00eda argentina para el mundo\",\"alternateName\":\"INVAP\",\"url\":\"https:\/\/www.invap.com.ar\/en\/\",\"logo\":{\"@type\":\"ImageObject\",\"inLanguage\":\"en-US\",\"@id\":\"https:\/\/www.invap.com.ar\/en\/#\/schema\/logo\/image\/\",\"url\":\"https:\/\/www.invap.com.ar\/wp-content\/uploads\/2026\/03\/LOGO-INVAP-696-YOAST.png\",\"contentUrl\":\"https:\/\/www.invap.com.ar\/wp-content\/uploads\/2026\/03\/LOGO-INVAP-696-YOAST.png\",\"width\":696,\"height\":696,\"caption\":\"INVAP - Ciencia y tecnolog\u00eda argentina para el mundo\"},\"image\":{\"@id\":\"https:\/\/www.invap.com.ar\/en\/#\/schema\/logo\/image\/\"},\"sameAs\":[\"https:\/\/www.facebook.com\/INVAP\",\"https:\/\/x.com\/invapargentina\",\"https:\/\/www.linkedin.com\/company\/invap\",\"https:\/\/www.instagram.com\/invapargentina\",\"https:\/\/www.tiktok.com\/@invapargentina\",\"https:\/\/www.youtube.com\/user\/invapin\",\"https:\/\/es.wikipedia.org\/wiki\/INVAP\"]}]}<\/script>\n<!-- \/ Yoast SEO plugin. -->","yoast_head_json":{"title":"OPAL in Australia | INVAP","description":"INVAP celebra 50 a\u00f1os desarrollando tecnolog\u00eda argentina para el mundo. Conoc\u00e9 su historia, sus proyectos y el futuro de la innovaci\u00f3n. Imaginalo posible.","robots":{"index":"index","follow":"follow","max-snippet":"max-snippet:-1","max-image-preview":"max-image-preview:large","max-video-preview":"max-video-preview:-1"},"canonical":"https:\/\/www.invap.com.ar\/en\/divisions\/nuclear\/opal-in-australia\/","og_locale":"en_US","og_type":"article","og_title":"OPAL in Australia | INVAP","og_description":"INVAP celebra 50 a\u00f1os desarrollando tecnolog\u00eda argentina para el mundo. Conoc\u00e9 su historia, sus proyectos y el futuro de la innovaci\u00f3n. Imaginalo posible.","og_url":"https:\/\/www.invap.com.ar\/en\/divisions\/nuclear\/opal-in-australia","og_site_name":"INVAP","article_publisher":"https:\/\/www.facebook.com\/INVAP","article_modified_time":"2021-03-31T20:31:49+00:00","og_image":[{"width":1900,"height":903,"url":"https:\/\/www.invap.com.ar\/wp-content\/uploads\/2020\/04\/PORTADA-4.jpg","type":"image\/jpeg"}],"twitter_card":"summary_large_image","twitter_site":"@invapargentina","twitter_misc":{"Est. reading time":"1 minute"},"schema":{"@context":"https:\/\/schema.org","@graph":[{"@type":"WebPage","@id":"https:\/\/www.invap.com.ar\/en\/divisions\/nuclear\/opal-in-australia","url":"https:\/\/www.invap.com.ar\/en\/divisions\/nuclear\/opal-in-australia","name":"OPAL in Australia | INVAP","isPartOf":{"@id":"https:\/\/www.invap.com.ar\/en\/#website"},"primaryImageOfPage":{"@id":"https:\/\/www.invap.com.ar\/en\/divisions\/nuclear\/opal-in-australia#primaryimage"},"image":{"@id":"https:\/\/www.invap.com.ar\/en\/divisions\/nuclear\/opal-in-australia#primaryimage"},"thumbnailUrl":"https:\/\/www.invap.com.ar\/wp-content\/uploads\/2020\/04\/PORTADA-4.jpg","datePublished":"2020-04-22T21:58:44+00:00","dateModified":"2021-03-31T20:31:49+00:00","description":"INVAP celebra 50 a\u00f1os desarrollando tecnolog\u00eda argentina para el mundo. Conoc\u00e9 su historia, sus proyectos y el futuro de la innovaci\u00f3n. Imaginalo posible.","breadcrumb":{"@id":"https:\/\/www.invap.com.ar\/en\/divisions\/nuclear\/opal-in-australia#breadcrumb"},"inLanguage":"en-US","potentialAction":[{"@type":"ReadAction","target":["https:\/\/www.invap.com.ar\/en\/divisions\/nuclear\/opal-in-australia"]}]},{"@type":"ImageObject","inLanguage":"en-US","@id":"https:\/\/www.invap.com.ar\/en\/divisions\/nuclear\/opal-in-australia#primaryimage","url":"https:\/\/www.invap.com.ar\/wp-content\/uploads\/2020\/04\/PORTADA-4.jpg","contentUrl":"https:\/\/www.invap.com.ar\/wp-content\/uploads\/2020\/04\/PORTADA-4.jpg","width":1900,"height":903},{"@type":"BreadcrumbList","@id":"https:\/\/www.invap.com.ar\/en\/divisions\/nuclear\/opal-in-australia#breadcrumb","itemListElement":[{"@type":"ListItem","position":1,"name":"Home","item":"https:\/\/www.invap.com.ar\/en\/"},{"@type":"ListItem","position":2,"name":"Divisions","item":"https:\/\/www.invap.com.ar\/en\/divisions\/"},{"@type":"ListItem","position":3,"name":"Nuclear","item":"https:\/\/www.invap.com.ar\/en\/divisions\/nuclear\/"},{"@type":"ListItem","position":4,"name":"OPAL in Australia"}]},{"@type":"WebSite","@id":"https:\/\/www.invap.com.ar\/en\/#website","url":"https:\/\/www.invap.com.ar\/en\/","name":"INVAP - Ciencia y tecnolog\u00eda argentina para el mundo","description":"Science, engineering and technological innovation from Argentina to the world.","publisher":{"@id":"https:\/\/www.invap.com.ar\/en\/#organization"},"alternateName":"INVAP","potentialAction":[{"@type":"SearchAction","target":{"@type":"EntryPoint","urlTemplate":"https:\/\/www.invap.com.ar\/en\/?s={search_term_string}"},"query-input":{"@type":"PropertyValueSpecification","valueRequired":true,"valueName":"search_term_string"}}],"inLanguage":"en-US"},{"@type":"Organization","@id":"https:\/\/www.invap.com.ar\/en\/#organization","name":"INVAP - Ciencia y tecnolog\u00eda argentina para el mundo","alternateName":"INVAP","url":"https:\/\/www.invap.com.ar\/en\/","logo":{"@type":"ImageObject","inLanguage":"en-US","@id":"https:\/\/www.invap.com.ar\/en\/#\/schema\/logo\/image\/","url":"https:\/\/www.invap.com.ar\/wp-content\/uploads\/2026\/03\/LOGO-INVAP-696-YOAST.png","contentUrl":"https:\/\/www.invap.com.ar\/wp-content\/uploads\/2026\/03\/LOGO-INVAP-696-YOAST.png","width":696,"height":696,"caption":"INVAP - Ciencia y tecnolog\u00eda argentina para el mundo"},"image":{"@id":"https:\/\/www.invap.com.ar\/en\/#\/schema\/logo\/image\/"},"sameAs":["https:\/\/www.facebook.com\/INVAP","https:\/\/x.com\/invapargentina","https:\/\/www.linkedin.com\/company\/invap","https:\/\/www.instagram.com\/invapargentina","https:\/\/www.tiktok.com\/@invapargentina","https:\/\/www.youtube.com\/user\/invapin","https:\/\/es.wikipedia.org\/wiki\/INVAP"]}]}},"_links":{"self":[{"href":"https:\/\/www.invap.com.ar\/en\/wp-json\/wp\/v2\/pages\/14255","targetHints":{"allow":["GET"]}}],"collection":[{"href":"https:\/\/www.invap.com.ar\/en\/wp-json\/wp\/v2\/pages"}],"about":[{"href":"https:\/\/www.invap.com.ar\/en\/wp-json\/wp\/v2\/types\/page"}],"author":[{"embeddable":true,"href":"https:\/\/www.invap.com.ar\/en\/wp-json\/wp\/v2\/users\/12"}],"replies":[{"embeddable":true,"href":"https:\/\/www.invap.com.ar\/en\/wp-json\/wp\/v2\/comments?post=14255"}],"version-history":[{"count":3,"href":"https:\/\/www.invap.com.ar\/en\/wp-json\/wp\/v2\/pages\/14255\/revisions"}],"predecessor-version":[{"id":16053,"href":"https:\/\/www.invap.com.ar\/en\/wp-json\/wp\/v2\/pages\/14255\/revisions\/16053"}],"up":[{"embeddable":true,"href":"https:\/\/www.invap.com.ar\/en\/wp-json\/wp\/v2\/pages\/14323"}],"wp:featuredmedia":[{"embeddable":true,"href":"https:\/\/www.invap.com.ar\/en\/wp-json\/wp\/v2\/media\/6620"}],"wp:attachment":[{"href":"https:\/\/www.invap.com.ar\/en\/wp-json\/wp\/v2\/media?parent=14255"}],"curies":[{"name":"wp","href":"https:\/\/api.w.org\/{rel}","templated":true}]}}