{"id":14493,"date":"2020-05-13T18:28:34","date_gmt":"2020-05-13T21:28:34","guid":{"rendered":"http:\/\/dwinvap.com.ar\/sustentabilidad\/"},"modified":"2023-09-05T22:11:32","modified_gmt":"2023-09-06T01:11:32","slug":"sustentabilidad","status":"publish","type":"page","link":"https:\/\/www.invap.com.ar\/en\/the-company\/integrity\/sustainability\/","title":{"rendered":"Sustainability"},"content":{"rendered":"<p>Today\u2019s global scenario brings new challenges where companies play a key role. This requires responsible leadership not only in the present, but an ongoing commitment to the future generations as well.<\/p>\n<p>INVAP develops cutting-edge technological projects with the goal of contributing to sustainable development and to improve the people\u2019s quality of life. Though knowing this is not enough, we intend to put transformation to work in creating environmental, social, and economic value as we promote a change for the better in our performance.<\/p>\n<ul>\n<li><a href=\"https:\/\/www.invap.com.ar\/wp-content\/uploads\/2023\/09\/INVAP-Reporte-de-Pacto-Global-2021-2022.pdf\" target=\"_blank\" rel=\"noopener\">Reporte de Pacto Global 2020-2022<\/a><\/li>\n<li><a href=\"https:\/\/www.invap.com.ar\/wp-content\/uploads\/2021\/12\/INVAP-Reporte-de-Pacto-Global-2018-2020.pdf\" target=\"_blank\" rel=\"noopener\">Reporte de Pacto Global 2018-2020<\/a><\/li>\n<li><a href=\"https:\/\/www.invap.com.ar\/wp-content\/uploads\/2020\/05\/INVAP-Reporte-de-Pacto-Global-2017-2018.pdf\" target=\"_blank\" rel=\"noopener noreferrer\">Communication on Progress 2017 &#8211; 2018<\/a><\/li>\n<li><a href=\"https:\/\/www.invap.com.ar\/wp-content\/uploads\/2020\/05\/INVAP-comunicacion-Progreso-PG-2016-2017.pdf\" target=\"_blank\" rel=\"noopener noreferrer\">Communication on Progress 2016 &#8211; 2017<\/a><\/li>\n<li><a href=\"https:\/\/www.invap.com.ar\/wp-content\/uploads\/2020\/05\/COP_2015-2016-.pdf\" target=\"_blank\" rel=\"noopener noreferrer\">Communication on Progress 2015 &#8211; 2016<\/a><\/li>\n<li><a href=\"https:\/\/www.invap.com.ar\/wp-content\/uploads\/2020\/05\/Informe_de_Sustentabilidad_INVAP_2013-2015.pdf\" target=\"_blank\" rel=\"noopener noreferrer\">INVAP Sustainability Report 2013 \u2013 2015<\/a><\/li>\n<li><a href=\"https:\/\/www.invap.com.ar\/wp-content\/uploads\/2020\/05\/Informe-de-Sustentabilidad-INVAP-2013-2015-RESUMEN.pdf\" target=\"_blank\" rel=\"noopener noreferrer\">IINVAP Sustainability Report 2013 \u2013 2015 \u2013 Summary<\/a><\/li>\n<li><a href=\"https:\/\/www.invap.com.ar\/wp-content\/uploads\/2020\/05\/Comunicacion-sobre-el-Progreso-2014-Pacto-Global.pdf\" target=\"_blank\" rel=\"noopener noreferrer\">Communication on Progress 2014 Global Compact<\/a><\/li>\n<li><a href=\"https:\/\/www.invap.com.ar\/wp-content\/uploads\/2020\/05\/Informe-de-sustentabilidad-2012-2013-final.pdf\" target=\"_blank\" rel=\"noopener noreferrer\">Informe de Sustentabilidad INVAP 2012 &#8211; 2013<\/a><\/li>\n<li><a href=\"https:\/\/www.invap.com.ar\/wp-content\/uploads\/2020\/05\/COPs-Pacto-Global-Primer-Informe-de-Sustentabilidad-2011-2012.pdf\" target=\"_blank\" rel=\"noopener noreferrer\">COP Global Compact &#8211; INVAP Sustainability Report 2011 &#8211; 2012<\/a><\/li>\n<\/ul>\n","protected":false},"excerpt":{"rendered":"Today\u2019s global scenario brings new challenges where companies play a key role. This requires responsible leadership not only in the present, but an ongoing commitment to the future generations as well. INVAP develops cutting-edge technological projects with the goal of contributing to sustainable development and to improve the people\u2019s quality of life. Though knowing this&#8230; <a class=\"view-article\" href=\"https:\/\/www.invap.com.ar\/en\/the-company\/integrity\/sustainability\/\">View Article<\/a>","protected":false},"author":12,"featured_media":6724,"parent":14560,"menu_order":209,"comment_status":"closed","ping_status":"closed","template":"","meta":{"_acf_changed":false,"footnotes":""},"class_list":["post-14493","page","type-page","status-publish","has-post-thumbnail","hentry"],"acf":[],"yoast_head":"<!-- This site is optimized with the Yoast SEO plugin v27.2 - https:\/\/yoast.com\/product\/yoast-seo-wordpress\/ -->\n<title>Sustainability | INVAP<\/title>\n<meta name=\"description\" content=\"INVAP celebra 50 a\u00f1os desarrollando tecnolog\u00eda argentina para el mundo. Conoc\u00e9 su historia, sus proyectos y el futuro de la innovaci\u00f3n. Imaginalo posible.\" \/>\n<meta name=\"robots\" content=\"index, follow, max-snippet:-1, max-image-preview:large, max-video-preview:-1\" \/>\n<link rel=\"canonical\" href=\"https:\/\/www.invap.com.ar\/en\/the-company\/integrity\/sustainability\/\" \/>\n<meta property=\"og:locale\" content=\"en_US\" \/>\n<meta property=\"og:type\" content=\"article\" \/>\n<meta property=\"og:title\" content=\"Sustainability | INVAP\" \/>\n<meta property=\"og:description\" content=\"INVAP celebra 50 a\u00f1os desarrollando tecnolog\u00eda argentina para el mundo. Conoc\u00e9 su historia, sus proyectos y el futuro de la innovaci\u00f3n. Imaginalo posible.\" \/>\n<meta property=\"og:url\" content=\"https:\/\/www.invap.com.ar\/en\/the-company\/integrity\/sustainability\/\" \/>\n<meta property=\"og:site_name\" content=\"INVAP\" \/>\n<meta property=\"article:publisher\" content=\"https:\/\/www.facebook.com\/INVAP\" \/>\n<meta property=\"article:modified_time\" content=\"2023-09-06T01:11:32+00:00\" \/>\n<meta property=\"og:image\" content=\"https:\/\/www.invap.com.ar\/wp-content\/uploads\/2020\/05\/5.5_Sustentabilidad.jpg\" \/>\n\t<meta property=\"og:image:width\" content=\"1900\" \/>\n\t<meta property=\"og:image:height\" content=\"1259\" \/>\n\t<meta property=\"og:image:type\" content=\"image\/jpeg\" \/>\n<meta name=\"twitter:card\" content=\"summary_large_image\" \/>\n<meta name=\"twitter:site\" content=\"@invapargentina\" \/>\n<meta name=\"twitter:label1\" content=\"Est. reading time\" \/>\n\t<meta name=\"twitter:data1\" content=\"1 minute\" \/>\n<script type=\"application\/ld+json\" class=\"yoast-schema-graph\">{\"@context\":\"https:\/\/schema.org\",\"@graph\":[{\"@type\":\"WebPage\",\"@id\":\"https:\/\/www.invap.com.ar\/en\/the-company\/integrity\/sustainability\/\",\"url\":\"https:\/\/www.invap.com.ar\/en\/the-company\/integrity\/sustainability\/\",\"name\":\"Sustainability | INVAP\",\"isPartOf\":{\"@id\":\"https:\/\/www.invap.com.ar\/en\/#website\"},\"primaryImageOfPage\":{\"@id\":\"https:\/\/www.invap.com.ar\/en\/the-company\/integrity\/sustainability\/#primaryimage\"},\"image\":{\"@id\":\"https:\/\/www.invap.com.ar\/en\/the-company\/integrity\/sustainability\/#primaryimage\"},\"thumbnailUrl\":\"https:\/\/www.invap.com.ar\/wp-content\/uploads\/2020\/05\/5.5_Sustentabilidad.jpg\",\"datePublished\":\"2020-05-13T21:28:34+00:00\",\"dateModified\":\"2023-09-06T01:11:32+00:00\",\"description\":\"INVAP celebra 50 a\u00f1os desarrollando tecnolog\u00eda argentina para el mundo. Conoc\u00e9 su historia, sus proyectos y el futuro de la innovaci\u00f3n. Imaginalo posible.\",\"breadcrumb\":{\"@id\":\"https:\/\/www.invap.com.ar\/en\/the-company\/integrity\/sustainability\/#breadcrumb\"},\"inLanguage\":\"en-US\",\"potentialAction\":[{\"@type\":\"ReadAction\",\"target\":[\"https:\/\/www.invap.com.ar\/en\/the-company\/integrity\/sustainability\/\"]}]},{\"@type\":\"ImageObject\",\"inLanguage\":\"en-US\",\"@id\":\"https:\/\/www.invap.com.ar\/en\/the-company\/integrity\/sustainability\/#primaryimage\",\"url\":\"https:\/\/www.invap.com.ar\/wp-content\/uploads\/2020\/05\/5.5_Sustentabilidad.jpg\",\"contentUrl\":\"https:\/\/www.invap.com.ar\/wp-content\/uploads\/2020\/05\/5.5_Sustentabilidad.jpg\",\"width\":1900,\"height\":1259},{\"@type\":\"BreadcrumbList\",\"@id\":\"https:\/\/www.invap.com.ar\/en\/the-company\/integrity\/sustainability\/#breadcrumb\",\"itemListElement\":[{\"@type\":\"ListItem\",\"position\":1,\"name\":\"Home\",\"item\":\"https:\/\/www.invap.com.ar\/en\/\"},{\"@type\":\"ListItem\",\"position\":2,\"name\":\"The company\",\"item\":\"https:\/\/www.invap.com.ar\/en\/the-company\/\"},{\"@type\":\"ListItem\",\"position\":3,\"name\":\"Integrity\",\"item\":\"https:\/\/www.invap.com.ar\/en\/the-company\/integrity\/\"},{\"@type\":\"ListItem\",\"position\":4,\"name\":\"Sustainability\"}]},{\"@type\":\"WebSite\",\"@id\":\"https:\/\/www.invap.com.ar\/en\/#website\",\"url\":\"https:\/\/www.invap.com.ar\/en\/\",\"name\":\"INVAP - Ciencia y tecnolog\u00eda argentina para el mundo\",\"description\":\"Science, engineering and technological innovation from Argentina to the world.\",\"publisher\":{\"@id\":\"https:\/\/www.invap.com.ar\/en\/#organization\"},\"alternateName\":\"INVAP\",\"potentialAction\":[{\"@type\":\"SearchAction\",\"target\":{\"@type\":\"EntryPoint\",\"urlTemplate\":\"https:\/\/www.invap.com.ar\/en\/?s={search_term_string}\"},\"query-input\":{\"@type\":\"PropertyValueSpecification\",\"valueRequired\":true,\"valueName\":\"search_term_string\"}}],\"inLanguage\":\"en-US\"},{\"@type\":\"Organization\",\"@id\":\"https:\/\/www.invap.com.ar\/en\/#organization\",\"name\":\"INVAP - Ciencia y tecnolog\u00eda argentina para el mundo\",\"alternateName\":\"INVAP\",\"url\":\"https:\/\/www.invap.com.ar\/en\/\",\"logo\":{\"@type\":\"ImageObject\",\"inLanguage\":\"en-US\",\"@id\":\"https:\/\/www.invap.com.ar\/en\/#\/schema\/logo\/image\/\",\"url\":\"https:\/\/www.invap.com.ar\/wp-content\/uploads\/2026\/03\/LOGO-INVAP-696-YOAST.png\",\"contentUrl\":\"https:\/\/www.invap.com.ar\/wp-content\/uploads\/2026\/03\/LOGO-INVAP-696-YOAST.png\",\"width\":696,\"height\":696,\"caption\":\"INVAP - Ciencia y tecnolog\u00eda argentina para el mundo\"},\"image\":{\"@id\":\"https:\/\/www.invap.com.ar\/en\/#\/schema\/logo\/image\/\"},\"sameAs\":[\"https:\/\/www.facebook.com\/INVAP\",\"https:\/\/x.com\/invapargentina\",\"https:\/\/www.linkedin.com\/company\/invap\",\"https:\/\/www.instagram.com\/invapargentina\",\"https:\/\/www.tiktok.com\/@invapargentina\",\"https:\/\/www.youtube.com\/user\/invapin\",\"https:\/\/es.wikipedia.org\/wiki\/INVAP\"]}]}<\/script>\n<!-- \/ Yoast SEO plugin. -->","yoast_head_json":{"title":"Sustainability | INVAP","description":"INVAP celebra 50 a\u00f1os desarrollando tecnolog\u00eda argentina para el mundo. Conoc\u00e9 su historia, sus proyectos y el futuro de la innovaci\u00f3n. Imaginalo posible.","robots":{"index":"index","follow":"follow","max-snippet":"max-snippet:-1","max-image-preview":"max-image-preview:large","max-video-preview":"max-video-preview:-1"},"canonical":"https:\/\/www.invap.com.ar\/en\/the-company\/integrity\/sustainability\/","og_locale":"en_US","og_type":"article","og_title":"Sustainability | INVAP","og_description":"INVAP celebra 50 a\u00f1os desarrollando tecnolog\u00eda argentina para el mundo. Conoc\u00e9 su historia, sus proyectos y el futuro de la innovaci\u00f3n. Imaginalo posible.","og_url":"https:\/\/www.invap.com.ar\/en\/the-company\/integrity\/sustainability\/","og_site_name":"INVAP","article_publisher":"https:\/\/www.facebook.com\/INVAP","article_modified_time":"2023-09-06T01:11:32+00:00","og_image":[{"width":1900,"height":1259,"url":"https:\/\/www.invap.com.ar\/wp-content\/uploads\/2020\/05\/5.5_Sustentabilidad.jpg","type":"image\/jpeg"}],"twitter_card":"summary_large_image","twitter_site":"@invapargentina","twitter_misc":{"Est. reading time":"1 minute"},"schema":{"@context":"https:\/\/schema.org","@graph":[{"@type":"WebPage","@id":"https:\/\/www.invap.com.ar\/en\/the-company\/integrity\/sustainability\/","url":"https:\/\/www.invap.com.ar\/en\/the-company\/integrity\/sustainability\/","name":"Sustainability | INVAP","isPartOf":{"@id":"https:\/\/www.invap.com.ar\/en\/#website"},"primaryImageOfPage":{"@id":"https:\/\/www.invap.com.ar\/en\/the-company\/integrity\/sustainability\/#primaryimage"},"image":{"@id":"https:\/\/www.invap.com.ar\/en\/the-company\/integrity\/sustainability\/#primaryimage"},"thumbnailUrl":"https:\/\/www.invap.com.ar\/wp-content\/uploads\/2020\/05\/5.5_Sustentabilidad.jpg","datePublished":"2020-05-13T21:28:34+00:00","dateModified":"2023-09-06T01:11:32+00:00","description":"INVAP celebra 50 a\u00f1os desarrollando tecnolog\u00eda argentina para el mundo. Conoc\u00e9 su historia, sus proyectos y el futuro de la innovaci\u00f3n. Imaginalo posible.","breadcrumb":{"@id":"https:\/\/www.invap.com.ar\/en\/the-company\/integrity\/sustainability\/#breadcrumb"},"inLanguage":"en-US","potentialAction":[{"@type":"ReadAction","target":["https:\/\/www.invap.com.ar\/en\/the-company\/integrity\/sustainability\/"]}]},{"@type":"ImageObject","inLanguage":"en-US","@id":"https:\/\/www.invap.com.ar\/en\/the-company\/integrity\/sustainability\/#primaryimage","url":"https:\/\/www.invap.com.ar\/wp-content\/uploads\/2020\/05\/5.5_Sustentabilidad.jpg","contentUrl":"https:\/\/www.invap.com.ar\/wp-content\/uploads\/2020\/05\/5.5_Sustentabilidad.jpg","width":1900,"height":1259},{"@type":"BreadcrumbList","@id":"https:\/\/www.invap.com.ar\/en\/the-company\/integrity\/sustainability\/#breadcrumb","itemListElement":[{"@type":"ListItem","position":1,"name":"Home","item":"https:\/\/www.invap.com.ar\/en\/"},{"@type":"ListItem","position":2,"name":"The company","item":"https:\/\/www.invap.com.ar\/en\/the-company\/"},{"@type":"ListItem","position":3,"name":"Integrity","item":"https:\/\/www.invap.com.ar\/en\/the-company\/integrity\/"},{"@type":"ListItem","position":4,"name":"Sustainability"}]},{"@type":"WebSite","@id":"https:\/\/www.invap.com.ar\/en\/#website","url":"https:\/\/www.invap.com.ar\/en\/","name":"INVAP - Ciencia y tecnolog\u00eda argentina para el mundo","description":"Science, engineering and technological innovation from Argentina to the world.","publisher":{"@id":"https:\/\/www.invap.com.ar\/en\/#organization"},"alternateName":"INVAP","potentialAction":[{"@type":"SearchAction","target":{"@type":"EntryPoint","urlTemplate":"https:\/\/www.invap.com.ar\/en\/?s={search_term_string}"},"query-input":{"@type":"PropertyValueSpecification","valueRequired":true,"valueName":"search_term_string"}}],"inLanguage":"en-US"},{"@type":"Organization","@id":"https:\/\/www.invap.com.ar\/en\/#organization","name":"INVAP - Ciencia y tecnolog\u00eda argentina para el mundo","alternateName":"INVAP","url":"https:\/\/www.invap.com.ar\/en\/","logo":{"@type":"ImageObject","inLanguage":"en-US","@id":"https:\/\/www.invap.com.ar\/en\/#\/schema\/logo\/image\/","url":"https:\/\/www.invap.com.ar\/wp-content\/uploads\/2026\/03\/LOGO-INVAP-696-YOAST.png","contentUrl":"https:\/\/www.invap.com.ar\/wp-content\/uploads\/2026\/03\/LOGO-INVAP-696-YOAST.png","width":696,"height":696,"caption":"INVAP - Ciencia y tecnolog\u00eda argentina para el mundo"},"image":{"@id":"https:\/\/www.invap.com.ar\/en\/#\/schema\/logo\/image\/"},"sameAs":["https:\/\/www.facebook.com\/INVAP","https:\/\/x.com\/invapargentina","https:\/\/www.linkedin.com\/company\/invap","https:\/\/www.instagram.com\/invapargentina","https:\/\/www.tiktok.com\/@invapargentina","https:\/\/www.youtube.com\/user\/invapin","https:\/\/es.wikipedia.org\/wiki\/INVAP"]}]}},"_links":{"self":[{"href":"https:\/\/www.invap.com.ar\/en\/wp-json\/wp\/v2\/pages\/14493","targetHints":{"allow":["GET"]}}],"collection":[{"href":"https:\/\/www.invap.com.ar\/en\/wp-json\/wp\/v2\/pages"}],"about":[{"href":"https:\/\/www.invap.com.ar\/en\/wp-json\/wp\/v2\/types\/page"}],"author":[{"embeddable":true,"href":"https:\/\/www.invap.com.ar\/en\/wp-json\/wp\/v2\/users\/12"}],"replies":[{"embeddable":true,"href":"https:\/\/www.invap.com.ar\/en\/wp-json\/wp\/v2\/comments?post=14493"}],"version-history":[{"count":4,"href":"https:\/\/www.invap.com.ar\/en\/wp-json\/wp\/v2\/pages\/14493\/revisions"}],"predecessor-version":[{"id":48133,"href":"https:\/\/www.invap.com.ar\/en\/wp-json\/wp\/v2\/pages\/14493\/revisions\/48133"}],"up":[{"embeddable":true,"href":"https:\/\/www.invap.com.ar\/en\/wp-json\/wp\/v2\/pages\/14560"}],"wp:featuredmedia":[{"embeddable":true,"href":"https:\/\/www.invap.com.ar\/en\/wp-json\/wp\/v2\/media\/6724"}],"wp:attachment":[{"href":"https:\/\/www.invap.com.ar\/en\/wp-json\/wp\/v2\/media?parent=14493"}],"curies":[{"name":"wp","href":"https:\/\/api.w.org\/{rel}","templated":true}]}}