{"id":14711,"date":"2020-03-11T17:07:13","date_gmt":"2020-03-11T20:07:13","guid":{"rendered":"http:\/\/dwinvap.com.ar\/areas\/"},"modified":"2024-03-29T11:38:14","modified_gmt":"2024-03-29T14:38:14","slug":"areas","status":"publish","type":"page","link":"https:\/\/www.invap.com.ar\/en\/divisions","title":{"rendered":"Divisions"},"content":{"rendered":"","protected":false},"excerpt":{"rendered":"","protected":false},"author":12,"featured_media":0,"parent":0,"menu_order":56,"comment_status":"closed","ping_status":"closed","template":"","meta":{"_acf_changed":false,"footnotes":""},"class_list":["post-14711","page","type-page","status-publish","hentry"],"acf":[],"yoast_head":"<!-- This site is optimized with the Yoast SEO plugin v27.2 - https:\/\/yoast.com\/product\/yoast-seo-wordpress\/ -->\n<title>Divisions | INVAP<\/title>\n<meta name=\"description\" content=\"INVAP celebra 50 a\u00f1os desarrollando tecnolog\u00eda argentina para el mundo. Conoc\u00e9 su historia, sus proyectos y el futuro de la innovaci\u00f3n. Imaginalo posible.\" \/>\n<meta name=\"robots\" content=\"index, follow, max-snippet:-1, max-image-preview:large, max-video-preview:-1\" \/>\n<link rel=\"canonical\" href=\"https:\/\/www.invap.com.ar\/en\/divisions\/\" \/>\n<meta property=\"og:locale\" content=\"en_US\" \/>\n<meta property=\"og:type\" content=\"article\" \/>\n<meta property=\"og:title\" content=\"Divisions | INVAP\" \/>\n<meta property=\"og:description\" content=\"INVAP celebra 50 a\u00f1os desarrollando tecnolog\u00eda argentina para el mundo. Conoc\u00e9 su historia, sus proyectos y el futuro de la innovaci\u00f3n. Imaginalo posible.\" \/>\n<meta property=\"og:url\" content=\"https:\/\/www.invap.com.ar\/en\/divisions\" \/>\n<meta property=\"og:site_name\" content=\"INVAP\" \/>\n<meta property=\"article:publisher\" content=\"https:\/\/www.facebook.com\/INVAP\" \/>\n<meta property=\"article:modified_time\" content=\"2024-03-29T14:38:14+00:00\" \/>\n<meta property=\"og:image\" content=\"https:\/\/www.invap.com.ar\/wp-content\/uploads\/2025\/10\/Angular-Totem-Sede-scaled.jpg\" \/>\n\t<meta property=\"og:image:width\" content=\"2560\" \/>\n\t<meta property=\"og:image:height\" content=\"1443\" \/>\n\t<meta property=\"og:image:type\" content=\"image\/jpeg\" \/>\n<meta name=\"twitter:card\" content=\"summary_large_image\" \/>\n<meta name=\"twitter:site\" content=\"@invapargentina\" \/>\n<script type=\"application\/ld+json\" class=\"yoast-schema-graph\">{\"@context\":\"https:\/\/schema.org\",\"@graph\":[{\"@type\":\"WebPage\",\"@id\":\"https:\/\/www.invap.com.ar\/en\/divisions\",\"url\":\"https:\/\/www.invap.com.ar\/en\/divisions\",\"name\":\"Divisions | INVAP\",\"isPartOf\":{\"@id\":\"https:\/\/www.invap.com.ar\/en\/#website\"},\"datePublished\":\"2020-03-11T20:07:13+00:00\",\"dateModified\":\"2024-03-29T14:38:14+00:00\",\"description\":\"INVAP celebra 50 a\u00f1os desarrollando tecnolog\u00eda argentina para el mundo. Conoc\u00e9 su historia, sus proyectos y el futuro de la innovaci\u00f3n. Imaginalo posible.\",\"breadcrumb\":{\"@id\":\"https:\/\/www.invap.com.ar\/en\/divisions#breadcrumb\"},\"inLanguage\":\"en-US\",\"potentialAction\":[{\"@type\":\"ReadAction\",\"target\":[\"https:\/\/www.invap.com.ar\/en\/divisions\"]}]},{\"@type\":\"BreadcrumbList\",\"@id\":\"https:\/\/www.invap.com.ar\/en\/divisions#breadcrumb\",\"itemListElement\":[{\"@type\":\"ListItem\",\"position\":1,\"name\":\"Home\",\"item\":\"https:\/\/www.invap.com.ar\/en\/\"},{\"@type\":\"ListItem\",\"position\":2,\"name\":\"Divisions\"}]},{\"@type\":\"WebSite\",\"@id\":\"https:\/\/www.invap.com.ar\/en\/#website\",\"url\":\"https:\/\/www.invap.com.ar\/en\/\",\"name\":\"INVAP - Ciencia y tecnolog\u00eda argentina para el mundo\",\"description\":\"Science, engineering and technological innovation from Argentina to the world.\",\"publisher\":{\"@id\":\"https:\/\/www.invap.com.ar\/en\/#organization\"},\"alternateName\":\"INVAP\",\"potentialAction\":[{\"@type\":\"SearchAction\",\"target\":{\"@type\":\"EntryPoint\",\"urlTemplate\":\"https:\/\/www.invap.com.ar\/en\/?s={search_term_string}\"},\"query-input\":{\"@type\":\"PropertyValueSpecification\",\"valueRequired\":true,\"valueName\":\"search_term_string\"}}],\"inLanguage\":\"en-US\"},{\"@type\":\"Organization\",\"@id\":\"https:\/\/www.invap.com.ar\/en\/#organization\",\"name\":\"INVAP - Ciencia y tecnolog\u00eda argentina para el mundo\",\"alternateName\":\"INVAP\",\"url\":\"https:\/\/www.invap.com.ar\/en\/\",\"logo\":{\"@type\":\"ImageObject\",\"inLanguage\":\"en-US\",\"@id\":\"https:\/\/www.invap.com.ar\/en\/#\/schema\/logo\/image\/\",\"url\":\"https:\/\/www.invap.com.ar\/wp-content\/uploads\/2026\/03\/LOGO-INVAP-696-YOAST.png\",\"contentUrl\":\"https:\/\/www.invap.com.ar\/wp-content\/uploads\/2026\/03\/LOGO-INVAP-696-YOAST.png\",\"width\":696,\"height\":696,\"caption\":\"INVAP - Ciencia y tecnolog\u00eda argentina para el mundo\"},\"image\":{\"@id\":\"https:\/\/www.invap.com.ar\/en\/#\/schema\/logo\/image\/\"},\"sameAs\":[\"https:\/\/www.facebook.com\/INVAP\",\"https:\/\/x.com\/invapargentina\",\"https:\/\/www.linkedin.com\/company\/invap\",\"https:\/\/www.instagram.com\/invapargentina\",\"https:\/\/www.tiktok.com\/@invapargentina\",\"https:\/\/www.youtube.com\/user\/invapin\",\"https:\/\/es.wikipedia.org\/wiki\/INVAP\"]}]}<\/script>\n<!-- \/ Yoast SEO plugin. -->","yoast_head_json":{"title":"Divisions | INVAP","description":"INVAP celebra 50 a\u00f1os desarrollando tecnolog\u00eda argentina para el mundo. Conoc\u00e9 su historia, sus proyectos y el futuro de la innovaci\u00f3n. Imaginalo posible.","robots":{"index":"index","follow":"follow","max-snippet":"max-snippet:-1","max-image-preview":"max-image-preview:large","max-video-preview":"max-video-preview:-1"},"canonical":"https:\/\/www.invap.com.ar\/en\/divisions\/","og_locale":"en_US","og_type":"article","og_title":"Divisions | INVAP","og_description":"INVAP celebra 50 a\u00f1os desarrollando tecnolog\u00eda argentina para el mundo. Conoc\u00e9 su historia, sus proyectos y el futuro de la innovaci\u00f3n. Imaginalo posible.","og_url":"https:\/\/www.invap.com.ar\/en\/divisions","og_site_name":"INVAP","article_publisher":"https:\/\/www.facebook.com\/INVAP","article_modified_time":"2024-03-29T14:38:14+00:00","og_image":[{"width":2560,"height":1443,"url":"https:\/\/www.invap.com.ar\/wp-content\/uploads\/2025\/10\/Angular-Totem-Sede-scaled.jpg","type":"image\/jpeg"}],"twitter_card":"summary_large_image","twitter_site":"@invapargentina","schema":{"@context":"https:\/\/schema.org","@graph":[{"@type":"WebPage","@id":"https:\/\/www.invap.com.ar\/en\/divisions","url":"https:\/\/www.invap.com.ar\/en\/divisions","name":"Divisions | INVAP","isPartOf":{"@id":"https:\/\/www.invap.com.ar\/en\/#website"},"datePublished":"2020-03-11T20:07:13+00:00","dateModified":"2024-03-29T14:38:14+00:00","description":"INVAP celebra 50 a\u00f1os desarrollando tecnolog\u00eda argentina para el mundo. Conoc\u00e9 su historia, sus proyectos y el futuro de la innovaci\u00f3n. Imaginalo posible.","breadcrumb":{"@id":"https:\/\/www.invap.com.ar\/en\/divisions#breadcrumb"},"inLanguage":"en-US","potentialAction":[{"@type":"ReadAction","target":["https:\/\/www.invap.com.ar\/en\/divisions"]}]},{"@type":"BreadcrumbList","@id":"https:\/\/www.invap.com.ar\/en\/divisions#breadcrumb","itemListElement":[{"@type":"ListItem","position":1,"name":"Home","item":"https:\/\/www.invap.com.ar\/en\/"},{"@type":"ListItem","position":2,"name":"Divisions"}]},{"@type":"WebSite","@id":"https:\/\/www.invap.com.ar\/en\/#website","url":"https:\/\/www.invap.com.ar\/en\/","name":"INVAP - Ciencia y tecnolog\u00eda argentina para el mundo","description":"Science, engineering and technological innovation from Argentina to the world.","publisher":{"@id":"https:\/\/www.invap.com.ar\/en\/#organization"},"alternateName":"INVAP","potentialAction":[{"@type":"SearchAction","target":{"@type":"EntryPoint","urlTemplate":"https:\/\/www.invap.com.ar\/en\/?s={search_term_string}"},"query-input":{"@type":"PropertyValueSpecification","valueRequired":true,"valueName":"search_term_string"}}],"inLanguage":"en-US"},{"@type":"Organization","@id":"https:\/\/www.invap.com.ar\/en\/#organization","name":"INVAP - Ciencia y tecnolog\u00eda argentina para el mundo","alternateName":"INVAP","url":"https:\/\/www.invap.com.ar\/en\/","logo":{"@type":"ImageObject","inLanguage":"en-US","@id":"https:\/\/www.invap.com.ar\/en\/#\/schema\/logo\/image\/","url":"https:\/\/www.invap.com.ar\/wp-content\/uploads\/2026\/03\/LOGO-INVAP-696-YOAST.png","contentUrl":"https:\/\/www.invap.com.ar\/wp-content\/uploads\/2026\/03\/LOGO-INVAP-696-YOAST.png","width":696,"height":696,"caption":"INVAP - Ciencia y tecnolog\u00eda argentina para el mundo"},"image":{"@id":"https:\/\/www.invap.com.ar\/en\/#\/schema\/logo\/image\/"},"sameAs":["https:\/\/www.facebook.com\/INVAP","https:\/\/x.com\/invapargentina","https:\/\/www.linkedin.com\/company\/invap","https:\/\/www.instagram.com\/invapargentina","https:\/\/www.tiktok.com\/@invapargentina","https:\/\/www.youtube.com\/user\/invapin","https:\/\/es.wikipedia.org\/wiki\/INVAP"]}]}},"_links":{"self":[{"href":"https:\/\/www.invap.com.ar\/en\/wp-json\/wp\/v2\/pages\/14711","targetHints":{"allow":["GET"]}}],"collection":[{"href":"https:\/\/www.invap.com.ar\/en\/wp-json\/wp\/v2\/pages"}],"about":[{"href":"https:\/\/www.invap.com.ar\/en\/wp-json\/wp\/v2\/types\/page"}],"author":[{"embeddable":true,"href":"https:\/\/www.invap.com.ar\/en\/wp-json\/wp\/v2\/users\/12"}],"replies":[{"embeddable":true,"href":"https:\/\/www.invap.com.ar\/en\/wp-json\/wp\/v2\/comments?post=14711"}],"version-history":[{"count":8,"href":"https:\/\/www.invap.com.ar\/en\/wp-json\/wp\/v2\/pages\/14711\/revisions"}],"predecessor-version":[{"id":52538,"href":"https:\/\/www.invap.com.ar\/en\/wp-json\/wp\/v2\/pages\/14711\/revisions\/52538"}],"wp:attachment":[{"href":"https:\/\/www.invap.com.ar\/en\/wp-json\/wp\/v2\/media?parent=14711"}],"curies":[{"name":"wp","href":"https:\/\/api.w.org\/{rel}","templated":true}]}}