{"id":39896,"date":"2023-02-23T15:50:14","date_gmt":"2023-02-23T18:50:14","guid":{"rendered":"http:\/\/dwinvap.com.ar\/?page_id=39896"},"modified":"2023-02-28T12:43:46","modified_gmt":"2023-02-28T15:43:46","slug":"satellite","status":"publish","type":"page","link":"https:\/\/www.invap.com.ar\/en\/satellite\/","title":{"rendered":"INVAP on SATELLITE"},"content":{"rendered":"<p>We are a hi-tech company from Argentina with a 46-year-old presence in both domestic and international markets, generating products and services for covering all stages of a project cycle, from preliminary consulting to turn-key system delivery.<\/p>\n<p>We specialize in high-complexity projects, as well as offering real training and effective technological transfer, by closely working with our clients \u2013even up to co-producing alongside them. This strategy guarantees system operation and maintenance by ensuring logistical support and post-sales services, all under a low cost and with minimal response times.<\/p>\n<p>We design, develop and build radar systems for air traffic control and surveillance, the Defense sector, and weather forecasting; Earth observation and communication satellites, nuclear research reactors, as well as nuclear medicine and radiotherapy facilities.<\/p>\n","protected":false},"excerpt":{"rendered":"We are a hi-tech company from Argentina with a 46-year-old presence in both domestic and international markets, generating products and services for covering all stages of a project cycle, from preliminary consulting to turn-key system delivery. We specialize in high-complexity projects, as well as offering real training and effective technological transfer, by closely working with&#8230; <a class=\"view-article\" href=\"https:\/\/www.invap.com.ar\/en\/satellite\/\">View Article<\/a>","protected":false},"author":12,"featured_media":0,"parent":0,"menu_order":36,"comment_status":"closed","ping_status":"closed","template":"satellite.php","meta":{"_acf_changed":false,"footnotes":""},"class_list":["post-39896","page","type-page","status-publish","hentry"],"acf":[],"yoast_head":"<!-- This site is optimized with the Yoast SEO plugin v27.5 - https:\/\/yoast.com\/product\/yoast-seo-wordpress\/ -->\n<title>INVAP on SATELLITE | INVAP<\/title>\n<meta name=\"description\" content=\"INVAP celebra 50 a\u00f1os desarrollando tecnolog\u00eda argentina para el mundo. Conoc\u00e9 su historia, sus proyectos y el futuro de la innovaci\u00f3n. Imaginalo posible.\" \/>\n<meta name=\"robots\" content=\"index, follow, max-snippet:-1, max-image-preview:large, max-video-preview:-1\" \/>\n<link rel=\"canonical\" href=\"https:\/\/www.invap.com.ar\/en\/satellite\/\" \/>\n<meta property=\"og:locale\" content=\"en_US\" \/>\n<meta property=\"og:type\" content=\"article\" \/>\n<meta property=\"og:title\" content=\"INVAP on SATELLITE | INVAP\" \/>\n<meta property=\"og:description\" content=\"INVAP celebra 50 a\u00f1os desarrollando tecnolog\u00eda argentina para el mundo. Conoc\u00e9 su historia, sus proyectos y el futuro de la innovaci\u00f3n. Imaginalo posible.\" \/>\n<meta property=\"og:url\" content=\"https:\/\/www.invap.com.ar\/en\/satellite\/\" \/>\n<meta property=\"og:site_name\" content=\"INVAP\" \/>\n<meta property=\"article:publisher\" content=\"https:\/\/www.facebook.com\/INVAP\" \/>\n<meta property=\"article:modified_time\" content=\"2023-02-28T15:43:46+00:00\" \/>\n<meta property=\"og:image\" content=\"https:\/\/www.invap.com.ar\/wp-content\/uploads\/2025\/10\/Angular-Totem-Sede-scaled.jpg\" \/>\n\t<meta property=\"og:image:width\" content=\"2560\" \/>\n\t<meta property=\"og:image:height\" content=\"1443\" \/>\n\t<meta property=\"og:image:type\" content=\"image\/jpeg\" \/>\n<meta name=\"twitter:card\" content=\"summary_large_image\" \/>\n<meta name=\"twitter:site\" content=\"@invapargentina\" \/>\n<meta name=\"twitter:label1\" content=\"Est. reading time\" \/>\n\t<meta name=\"twitter:data1\" content=\"1 minute\" \/>\n<script type=\"application\/ld+json\" class=\"yoast-schema-graph\">{\"@context\":\"https:\\\/\\\/schema.org\",\"@graph\":[{\"@type\":\"WebPage\",\"@id\":\"https:\\\/\\\/www.invap.com.ar\\\/en\\\/satellite\\\/\",\"url\":\"https:\\\/\\\/www.invap.com.ar\\\/en\\\/satellite\\\/\",\"name\":\"INVAP on SATELLITE | INVAP\",\"isPartOf\":{\"@id\":\"https:\\\/\\\/www.invap.com.ar\\\/en\\\/#website\"},\"datePublished\":\"2023-02-23T18:50:14+00:00\",\"dateModified\":\"2023-02-28T15:43:46+00:00\",\"description\":\"INVAP celebra 50 a\u00f1os desarrollando tecnolog\u00eda argentina para el mundo. Conoc\u00e9 su historia, sus proyectos y el futuro de la innovaci\u00f3n. Imaginalo posible.\",\"breadcrumb\":{\"@id\":\"https:\\\/\\\/www.invap.com.ar\\\/en\\\/satellite\\\/#breadcrumb\"},\"inLanguage\":\"en-US\",\"potentialAction\":[{\"@type\":\"ReadAction\",\"target\":[\"https:\\\/\\\/www.invap.com.ar\\\/en\\\/satellite\\\/\"]}]},{\"@type\":\"BreadcrumbList\",\"@id\":\"https:\\\/\\\/www.invap.com.ar\\\/en\\\/satellite\\\/#breadcrumb\",\"itemListElement\":[{\"@type\":\"ListItem\",\"position\":1,\"name\":\"Home\",\"item\":\"https:\\\/\\\/www.invap.com.ar\\\/en\\\/\"},{\"@type\":\"ListItem\",\"position\":2,\"name\":\"INVAP on SATELLITE\"}]},{\"@type\":\"WebSite\",\"@id\":\"https:\\\/\\\/www.invap.com.ar\\\/en\\\/#website\",\"url\":\"https:\\\/\\\/www.invap.com.ar\\\/en\\\/\",\"name\":\"INVAP - Ciencia y tecnolog\u00eda argentina para el mundo\",\"description\":\"Science, engineering and technological innovation from Argentina to the world.\",\"publisher\":{\"@id\":\"https:\\\/\\\/www.invap.com.ar\\\/en\\\/#organization\"},\"alternateName\":\"INVAP\",\"potentialAction\":[{\"@type\":\"SearchAction\",\"target\":{\"@type\":\"EntryPoint\",\"urlTemplate\":\"https:\\\/\\\/www.invap.com.ar\\\/en\\\/?s={search_term_string}\"},\"query-input\":{\"@type\":\"PropertyValueSpecification\",\"valueRequired\":true,\"valueName\":\"search_term_string\"}}],\"inLanguage\":\"en-US\"},{\"@type\":\"Organization\",\"@id\":\"https:\\\/\\\/www.invap.com.ar\\\/en\\\/#organization\",\"name\":\"INVAP - Ciencia y tecnolog\u00eda argentina para el mundo\",\"alternateName\":\"INVAP\",\"url\":\"https:\\\/\\\/www.invap.com.ar\\\/en\\\/\",\"logo\":{\"@type\":\"ImageObject\",\"inLanguage\":\"en-US\",\"@id\":\"https:\\\/\\\/www.invap.com.ar\\\/en\\\/#\\\/schema\\\/logo\\\/image\\\/\",\"url\":\"https:\\\/\\\/www.invap.com.ar\\\/wp-content\\\/uploads\\\/2026\\\/03\\\/LOGO-INVAP-696-YOAST.png\",\"contentUrl\":\"https:\\\/\\\/www.invap.com.ar\\\/wp-content\\\/uploads\\\/2026\\\/03\\\/LOGO-INVAP-696-YOAST.png\",\"width\":696,\"height\":696,\"caption\":\"INVAP - Ciencia y tecnolog\u00eda argentina para el mundo\"},\"image\":{\"@id\":\"https:\\\/\\\/www.invap.com.ar\\\/en\\\/#\\\/schema\\\/logo\\\/image\\\/\"},\"sameAs\":[\"https:\\\/\\\/www.facebook.com\\\/INVAP\",\"https:\\\/\\\/x.com\\\/invapargentina\",\"https:\\\/\\\/www.linkedin.com\\\/company\\\/invap\",\"https:\\\/\\\/www.instagram.com\\\/invapargentina\",\"https:\\\/\\\/www.tiktok.com\\\/@invapargentina\",\"https:\\\/\\\/www.youtube.com\\\/user\\\/invapin\",\"https:\\\/\\\/es.wikipedia.org\\\/wiki\\\/INVAP\"]}]}<\/script>\n<!-- \/ Yoast SEO plugin. -->","yoast_head_json":{"title":"INVAP on SATELLITE | INVAP","description":"INVAP celebra 50 a\u00f1os desarrollando tecnolog\u00eda argentina para el mundo. Conoc\u00e9 su historia, sus proyectos y el futuro de la innovaci\u00f3n. Imaginalo posible.","robots":{"index":"index","follow":"follow","max-snippet":"max-snippet:-1","max-image-preview":"max-image-preview:large","max-video-preview":"max-video-preview:-1"},"canonical":"https:\/\/www.invap.com.ar\/en\/satellite\/","og_locale":"en_US","og_type":"article","og_title":"INVAP on SATELLITE | INVAP","og_description":"INVAP celebra 50 a\u00f1os desarrollando tecnolog\u00eda argentina para el mundo. Conoc\u00e9 su historia, sus proyectos y el futuro de la innovaci\u00f3n. Imaginalo posible.","og_url":"https:\/\/www.invap.com.ar\/en\/satellite\/","og_site_name":"INVAP","article_publisher":"https:\/\/www.facebook.com\/INVAP","article_modified_time":"2023-02-28T15:43:46+00:00","og_image":[{"width":2560,"height":1443,"url":"https:\/\/www.invap.com.ar\/wp-content\/uploads\/2025\/10\/Angular-Totem-Sede-scaled.jpg","type":"image\/jpeg"}],"twitter_card":"summary_large_image","twitter_site":"@invapargentina","twitter_misc":{"Est. reading time":"1 minute"},"schema":{"@context":"https:\/\/schema.org","@graph":[{"@type":"WebPage","@id":"https:\/\/www.invap.com.ar\/en\/satellite\/","url":"https:\/\/www.invap.com.ar\/en\/satellite\/","name":"INVAP on SATELLITE | INVAP","isPartOf":{"@id":"https:\/\/www.invap.com.ar\/en\/#website"},"datePublished":"2023-02-23T18:50:14+00:00","dateModified":"2023-02-28T15:43:46+00:00","description":"INVAP celebra 50 a\u00f1os desarrollando tecnolog\u00eda argentina para el mundo. Conoc\u00e9 su historia, sus proyectos y el futuro de la innovaci\u00f3n. Imaginalo posible.","breadcrumb":{"@id":"https:\/\/www.invap.com.ar\/en\/satellite\/#breadcrumb"},"inLanguage":"en-US","potentialAction":[{"@type":"ReadAction","target":["https:\/\/www.invap.com.ar\/en\/satellite\/"]}]},{"@type":"BreadcrumbList","@id":"https:\/\/www.invap.com.ar\/en\/satellite\/#breadcrumb","itemListElement":[{"@type":"ListItem","position":1,"name":"Home","item":"https:\/\/www.invap.com.ar\/en\/"},{"@type":"ListItem","position":2,"name":"INVAP on SATELLITE"}]},{"@type":"WebSite","@id":"https:\/\/www.invap.com.ar\/en\/#website","url":"https:\/\/www.invap.com.ar\/en\/","name":"INVAP - Ciencia y tecnolog\u00eda argentina para el mundo","description":"Science, engineering and technological innovation from Argentina to the world.","publisher":{"@id":"https:\/\/www.invap.com.ar\/en\/#organization"},"alternateName":"INVAP","potentialAction":[{"@type":"SearchAction","target":{"@type":"EntryPoint","urlTemplate":"https:\/\/www.invap.com.ar\/en\/?s={search_term_string}"},"query-input":{"@type":"PropertyValueSpecification","valueRequired":true,"valueName":"search_term_string"}}],"inLanguage":"en-US"},{"@type":"Organization","@id":"https:\/\/www.invap.com.ar\/en\/#organization","name":"INVAP - Ciencia y tecnolog\u00eda argentina para el mundo","alternateName":"INVAP","url":"https:\/\/www.invap.com.ar\/en\/","logo":{"@type":"ImageObject","inLanguage":"en-US","@id":"https:\/\/www.invap.com.ar\/en\/#\/schema\/logo\/image\/","url":"https:\/\/www.invap.com.ar\/wp-content\/uploads\/2026\/03\/LOGO-INVAP-696-YOAST.png","contentUrl":"https:\/\/www.invap.com.ar\/wp-content\/uploads\/2026\/03\/LOGO-INVAP-696-YOAST.png","width":696,"height":696,"caption":"INVAP - Ciencia y tecnolog\u00eda argentina para el mundo"},"image":{"@id":"https:\/\/www.invap.com.ar\/en\/#\/schema\/logo\/image\/"},"sameAs":["https:\/\/www.facebook.com\/INVAP","https:\/\/x.com\/invapargentina","https:\/\/www.linkedin.com\/company\/invap","https:\/\/www.instagram.com\/invapargentina","https:\/\/www.tiktok.com\/@invapargentina","https:\/\/www.youtube.com\/user\/invapin","https:\/\/es.wikipedia.org\/wiki\/INVAP"]}]}},"_links":{"self":[{"href":"https:\/\/www.invap.com.ar\/en\/wp-json\/wp\/v2\/pages\/39896","targetHints":{"allow":["GET"]}}],"collection":[{"href":"https:\/\/www.invap.com.ar\/en\/wp-json\/wp\/v2\/pages"}],"about":[{"href":"https:\/\/www.invap.com.ar\/en\/wp-json\/wp\/v2\/types\/page"}],"author":[{"embeddable":true,"href":"https:\/\/www.invap.com.ar\/en\/wp-json\/wp\/v2\/users\/12"}],"replies":[{"embeddable":true,"href":"https:\/\/www.invap.com.ar\/en\/wp-json\/wp\/v2\/comments?post=39896"}],"version-history":[{"count":13,"href":"https:\/\/www.invap.com.ar\/en\/wp-json\/wp\/v2\/pages\/39896\/revisions"}],"predecessor-version":[{"id":40053,"href":"https:\/\/www.invap.com.ar\/en\/wp-json\/wp\/v2\/pages\/39896\/revisions\/40053"}],"wp:attachment":[{"href":"https:\/\/www.invap.com.ar\/en\/wp-json\/wp\/v2\/media?parent=39896"}],"curies":[{"name":"wp","href":"https:\/\/api.w.org\/{rel}","templated":true}]}}