{"id":80763,"date":"2025-06-06T17:51:45","date_gmt":"2025-06-06T20:51:45","guid":{"rendered":"https:\/\/www.invap.com.ar\/?page_id=80763"},"modified":"2025-06-11T10:33:32","modified_gmt":"2025-06-11T13:33:32","slug":"secure-ip-network-encryptor","status":"publish","type":"page","link":"https:\/\/www.invap.com.ar\/en\/commercial\/encryptor","title":{"rendered":"Secure IP Network Encryptor"},"content":{"rendered":"<p><strong>ER-B1000 IPNetwork Encryptor<\/strong> is a government and defense-grade solution for secure communication, offering robust, backdoor-free encryption with quantum-resistant security. Designed for critical infrastructure, enterprises, cloud, and edge applications, it ensures end-to-end data confidentiality and integrity.<\/p>\n<p>Its fully auditable implementation allows independent verification of the complete solution, eliminating the risk of hidden vulnerabilities and reinforcing trust. By meeting the highest security standards, it guarantees compliance, privacy, and full control over sensitive data.<\/p>\n","protected":false},"excerpt":{"rendered":"ER-B1000 IPNetwork Encryptor is a government and defense-grade solution for secure communication, offering robust, backdoor-free encryption with quantum-resistant security. Designed for critical infrastructure, enterprises, cloud, and edge applications, it ensures end-to-end data confidentiality and integrity. Its fully auditable implementation allows independent verification of the complete solution, eliminating the risk of hidden vulnerabilities and reinforcing trust&#8230;. <a class=\"view-article\" href=\"https:\/\/www.invap.com.ar\/en\/commercial\/encryptor\">View Article<\/a>","protected":false},"author":17,"featured_media":80759,"parent":0,"menu_order":9,"comment_status":"closed","ping_status":"closed","template":"viewpdf.php","meta":{"_acf_changed":false,"footnotes":""},"class_list":["post-80763","page","type-page","status-publish","has-post-thumbnail","hentry"],"acf":[],"yoast_head":"<!-- This site is optimized with the Yoast SEO plugin v27.2 - https:\/\/yoast.com\/product\/yoast-seo-wordpress\/ -->\n<title>Secure IP Network Encryptor | INVAP<\/title>\n<meta name=\"description\" content=\"INVAP celebra 50 a\u00f1os desarrollando tecnolog\u00eda argentina para el mundo. Conoc\u00e9 su historia, sus proyectos y el futuro de la innovaci\u00f3n. Imaginalo posible.\" \/>\n<meta name=\"robots\" content=\"index, follow, max-snippet:-1, max-image-preview:large, max-video-preview:-1\" \/>\n<link rel=\"canonical\" href=\"https:\/\/www.invap.com.ar\/en\/commercial\/encryptor\/\" \/>\n<meta property=\"og:locale\" content=\"en_US\" \/>\n<meta property=\"og:type\" content=\"article\" \/>\n<meta property=\"og:title\" content=\"Secure IP Network Encryptor | INVAP\" \/>\n<meta property=\"og:description\" content=\"INVAP celebra 50 a\u00f1os desarrollando tecnolog\u00eda argentina para el mundo. Conoc\u00e9 su historia, sus proyectos y el futuro de la innovaci\u00f3n. Imaginalo posible.\" \/>\n<meta property=\"og:url\" content=\"https:\/\/www.invap.com.ar\/en\/commercial\/encryptor\" \/>\n<meta property=\"og:site_name\" content=\"INVAP\" \/>\n<meta property=\"article:publisher\" content=\"https:\/\/www.facebook.com\/INVAP\" \/>\n<meta property=\"article:modified_time\" content=\"2025-06-11T13:33:32+00:00\" \/>\n<meta property=\"og:image\" content=\"https:\/\/www.invap.com.ar\/wp-content\/uploads\/2025\/06\/2025-06_COMERCIAL-IDC-TOP.jpg\" \/>\n\t<meta property=\"og:image:width\" content=\"1920\" \/>\n\t<meta property=\"og:image:height\" content=\"1080\" \/>\n\t<meta property=\"og:image:type\" content=\"image\/jpeg\" \/>\n<meta name=\"twitter:card\" content=\"summary_large_image\" \/>\n<meta name=\"twitter:site\" content=\"@invapargentina\" \/>\n<meta name=\"twitter:label1\" content=\"Est. reading time\" \/>\n\t<meta name=\"twitter:data1\" content=\"1 minute\" \/>\n<script type=\"application\/ld+json\" class=\"yoast-schema-graph\">{\"@context\":\"https:\/\/schema.org\",\"@graph\":[{\"@type\":\"WebPage\",\"@id\":\"https:\/\/www.invap.com.ar\/en\/commercial\/encryptor\",\"url\":\"https:\/\/www.invap.com.ar\/en\/commercial\/encryptor\",\"name\":\"Secure IP Network Encryptor | INVAP\",\"isPartOf\":{\"@id\":\"https:\/\/www.invap.com.ar\/en\/#website\"},\"primaryImageOfPage\":{\"@id\":\"https:\/\/www.invap.com.ar\/en\/commercial\/encryptor#primaryimage\"},\"image\":{\"@id\":\"https:\/\/www.invap.com.ar\/en\/commercial\/encryptor#primaryimage\"},\"thumbnailUrl\":\"https:\/\/www.invap.com.ar\/wp-content\/uploads\/2025\/06\/2025-06_COMERCIAL-IDC-TOP.jpg\",\"datePublished\":\"2025-06-06T20:51:45+00:00\",\"dateModified\":\"2025-06-11T13:33:32+00:00\",\"description\":\"INVAP celebra 50 a\u00f1os desarrollando tecnolog\u00eda argentina para el mundo. Conoc\u00e9 su historia, sus proyectos y el futuro de la innovaci\u00f3n. Imaginalo posible.\",\"breadcrumb\":{\"@id\":\"https:\/\/www.invap.com.ar\/en\/commercial\/encryptor#breadcrumb\"},\"inLanguage\":\"en-US\",\"potentialAction\":[{\"@type\":\"ReadAction\",\"target\":[\"https:\/\/www.invap.com.ar\/en\/commercial\/encryptor\"]}]},{\"@type\":\"ImageObject\",\"inLanguage\":\"en-US\",\"@id\":\"https:\/\/www.invap.com.ar\/en\/commercial\/encryptor#primaryimage\",\"url\":\"https:\/\/www.invap.com.ar\/wp-content\/uploads\/2025\/06\/2025-06_COMERCIAL-IDC-TOP.jpg\",\"contentUrl\":\"https:\/\/www.invap.com.ar\/wp-content\/uploads\/2025\/06\/2025-06_COMERCIAL-IDC-TOP.jpg\",\"width\":1920,\"height\":1080},{\"@type\":\"BreadcrumbList\",\"@id\":\"https:\/\/www.invap.com.ar\/en\/commercial\/encryptor#breadcrumb\",\"itemListElement\":[{\"@type\":\"ListItem\",\"position\":1,\"name\":\"Home\",\"item\":\"https:\/\/www.invap.com.ar\/en\/\"},{\"@type\":\"ListItem\",\"position\":2,\"name\":\"Secure IP Network Encryptor\"}]},{\"@type\":\"WebSite\",\"@id\":\"https:\/\/www.invap.com.ar\/en\/#website\",\"url\":\"https:\/\/www.invap.com.ar\/en\/\",\"name\":\"INVAP - Ciencia y tecnolog\u00eda argentina para el mundo\",\"description\":\"Science, engineering and technological innovation from Argentina to the world.\",\"publisher\":{\"@id\":\"https:\/\/www.invap.com.ar\/en\/#organization\"},\"alternateName\":\"INVAP\",\"potentialAction\":[{\"@type\":\"SearchAction\",\"target\":{\"@type\":\"EntryPoint\",\"urlTemplate\":\"https:\/\/www.invap.com.ar\/en\/?s={search_term_string}\"},\"query-input\":{\"@type\":\"PropertyValueSpecification\",\"valueRequired\":true,\"valueName\":\"search_term_string\"}}],\"inLanguage\":\"en-US\"},{\"@type\":\"Organization\",\"@id\":\"https:\/\/www.invap.com.ar\/en\/#organization\",\"name\":\"INVAP - Ciencia y tecnolog\u00eda argentina para el mundo\",\"alternateName\":\"INVAP\",\"url\":\"https:\/\/www.invap.com.ar\/en\/\",\"logo\":{\"@type\":\"ImageObject\",\"inLanguage\":\"en-US\",\"@id\":\"https:\/\/www.invap.com.ar\/en\/#\/schema\/logo\/image\/\",\"url\":\"https:\/\/www.invap.com.ar\/wp-content\/uploads\/2026\/03\/LOGO-INVAP-696-YOAST.png\",\"contentUrl\":\"https:\/\/www.invap.com.ar\/wp-content\/uploads\/2026\/03\/LOGO-INVAP-696-YOAST.png\",\"width\":696,\"height\":696,\"caption\":\"INVAP - Ciencia y tecnolog\u00eda argentina para el mundo\"},\"image\":{\"@id\":\"https:\/\/www.invap.com.ar\/en\/#\/schema\/logo\/image\/\"},\"sameAs\":[\"https:\/\/www.facebook.com\/INVAP\",\"https:\/\/x.com\/invapargentina\",\"https:\/\/www.linkedin.com\/company\/invap\",\"https:\/\/www.instagram.com\/invapargentina\",\"https:\/\/www.tiktok.com\/@invapargentina\",\"https:\/\/www.youtube.com\/user\/invapin\",\"https:\/\/es.wikipedia.org\/wiki\/INVAP\"]}]}<\/script>\n<!-- \/ Yoast SEO plugin. -->","yoast_head_json":{"title":"Secure IP Network Encryptor | INVAP","description":"INVAP celebra 50 a\u00f1os desarrollando tecnolog\u00eda argentina para el mundo. Conoc\u00e9 su historia, sus proyectos y el futuro de la innovaci\u00f3n. Imaginalo posible.","robots":{"index":"index","follow":"follow","max-snippet":"max-snippet:-1","max-image-preview":"max-image-preview:large","max-video-preview":"max-video-preview:-1"},"canonical":"https:\/\/www.invap.com.ar\/en\/commercial\/encryptor\/","og_locale":"en_US","og_type":"article","og_title":"Secure IP Network Encryptor | INVAP","og_description":"INVAP celebra 50 a\u00f1os desarrollando tecnolog\u00eda argentina para el mundo. Conoc\u00e9 su historia, sus proyectos y el futuro de la innovaci\u00f3n. Imaginalo posible.","og_url":"https:\/\/www.invap.com.ar\/en\/commercial\/encryptor","og_site_name":"INVAP","article_publisher":"https:\/\/www.facebook.com\/INVAP","article_modified_time":"2025-06-11T13:33:32+00:00","og_image":[{"width":1920,"height":1080,"url":"https:\/\/www.invap.com.ar\/wp-content\/uploads\/2025\/06\/2025-06_COMERCIAL-IDC-TOP.jpg","type":"image\/jpeg"}],"twitter_card":"summary_large_image","twitter_site":"@invapargentina","twitter_misc":{"Est. reading time":"1 minute"},"schema":{"@context":"https:\/\/schema.org","@graph":[{"@type":"WebPage","@id":"https:\/\/www.invap.com.ar\/en\/commercial\/encryptor","url":"https:\/\/www.invap.com.ar\/en\/commercial\/encryptor","name":"Secure IP Network Encryptor | INVAP","isPartOf":{"@id":"https:\/\/www.invap.com.ar\/en\/#website"},"primaryImageOfPage":{"@id":"https:\/\/www.invap.com.ar\/en\/commercial\/encryptor#primaryimage"},"image":{"@id":"https:\/\/www.invap.com.ar\/en\/commercial\/encryptor#primaryimage"},"thumbnailUrl":"https:\/\/www.invap.com.ar\/wp-content\/uploads\/2025\/06\/2025-06_COMERCIAL-IDC-TOP.jpg","datePublished":"2025-06-06T20:51:45+00:00","dateModified":"2025-06-11T13:33:32+00:00","description":"INVAP celebra 50 a\u00f1os desarrollando tecnolog\u00eda argentina para el mundo. Conoc\u00e9 su historia, sus proyectos y el futuro de la innovaci\u00f3n. Imaginalo posible.","breadcrumb":{"@id":"https:\/\/www.invap.com.ar\/en\/commercial\/encryptor#breadcrumb"},"inLanguage":"en-US","potentialAction":[{"@type":"ReadAction","target":["https:\/\/www.invap.com.ar\/en\/commercial\/encryptor"]}]},{"@type":"ImageObject","inLanguage":"en-US","@id":"https:\/\/www.invap.com.ar\/en\/commercial\/encryptor#primaryimage","url":"https:\/\/www.invap.com.ar\/wp-content\/uploads\/2025\/06\/2025-06_COMERCIAL-IDC-TOP.jpg","contentUrl":"https:\/\/www.invap.com.ar\/wp-content\/uploads\/2025\/06\/2025-06_COMERCIAL-IDC-TOP.jpg","width":1920,"height":1080},{"@type":"BreadcrumbList","@id":"https:\/\/www.invap.com.ar\/en\/commercial\/encryptor#breadcrumb","itemListElement":[{"@type":"ListItem","position":1,"name":"Home","item":"https:\/\/www.invap.com.ar\/en\/"},{"@type":"ListItem","position":2,"name":"Secure IP Network Encryptor"}]},{"@type":"WebSite","@id":"https:\/\/www.invap.com.ar\/en\/#website","url":"https:\/\/www.invap.com.ar\/en\/","name":"INVAP - Ciencia y tecnolog\u00eda argentina para el mundo","description":"Science, engineering and technological innovation from Argentina to the world.","publisher":{"@id":"https:\/\/www.invap.com.ar\/en\/#organization"},"alternateName":"INVAP","potentialAction":[{"@type":"SearchAction","target":{"@type":"EntryPoint","urlTemplate":"https:\/\/www.invap.com.ar\/en\/?s={search_term_string}"},"query-input":{"@type":"PropertyValueSpecification","valueRequired":true,"valueName":"search_term_string"}}],"inLanguage":"en-US"},{"@type":"Organization","@id":"https:\/\/www.invap.com.ar\/en\/#organization","name":"INVAP - Ciencia y tecnolog\u00eda argentina para el mundo","alternateName":"INVAP","url":"https:\/\/www.invap.com.ar\/en\/","logo":{"@type":"ImageObject","inLanguage":"en-US","@id":"https:\/\/www.invap.com.ar\/en\/#\/schema\/logo\/image\/","url":"https:\/\/www.invap.com.ar\/wp-content\/uploads\/2026\/03\/LOGO-INVAP-696-YOAST.png","contentUrl":"https:\/\/www.invap.com.ar\/wp-content\/uploads\/2026\/03\/LOGO-INVAP-696-YOAST.png","width":696,"height":696,"caption":"INVAP - Ciencia y tecnolog\u00eda argentina para el mundo"},"image":{"@id":"https:\/\/www.invap.com.ar\/en\/#\/schema\/logo\/image\/"},"sameAs":["https:\/\/www.facebook.com\/INVAP","https:\/\/x.com\/invapargentina","https:\/\/www.linkedin.com\/company\/invap","https:\/\/www.instagram.com\/invapargentina","https:\/\/www.tiktok.com\/@invapargentina","https:\/\/www.youtube.com\/user\/invapin","https:\/\/es.wikipedia.org\/wiki\/INVAP"]}]}},"_links":{"self":[{"href":"https:\/\/www.invap.com.ar\/en\/wp-json\/wp\/v2\/pages\/80763","targetHints":{"allow":["GET"]}}],"collection":[{"href":"https:\/\/www.invap.com.ar\/en\/wp-json\/wp\/v2\/pages"}],"about":[{"href":"https:\/\/www.invap.com.ar\/en\/wp-json\/wp\/v2\/types\/page"}],"author":[{"embeddable":true,"href":"https:\/\/www.invap.com.ar\/en\/wp-json\/wp\/v2\/users\/17"}],"replies":[{"embeddable":true,"href":"https:\/\/www.invap.com.ar\/en\/wp-json\/wp\/v2\/comments?post=80763"}],"version-history":[{"count":3,"href":"https:\/\/www.invap.com.ar\/en\/wp-json\/wp\/v2\/pages\/80763\/revisions"}],"predecessor-version":[{"id":80981,"href":"https:\/\/www.invap.com.ar\/en\/wp-json\/wp\/v2\/pages\/80763\/revisions\/80981"}],"wp:featuredmedia":[{"embeddable":true,"href":"https:\/\/www.invap.com.ar\/en\/wp-json\/wp\/v2\/media\/80759"}],"wp:attachment":[{"href":"https:\/\/www.invap.com.ar\/en\/wp-json\/wp\/v2\/media?parent=80763"}],"curies":[{"name":"wp","href":"https:\/\/api.w.org\/{rel}","templated":true}]}}